{"id":2529,"date":"2024-12-30T06:31:12","date_gmt":"2024-12-30T06:31:12","guid":{"rendered":"https:\/\/yibaienergy-china.com\/?page_id=2529"},"modified":"2024-12-30T06:39:32","modified_gmt":"2024-12-30T06:39:32","slug":"gizlilik-politikasi","status":"publish","type":"page","link":"https:\/\/yibaienergy-china.com\/tr\/gizlilik-politikasi\/","title":{"rendered":"Gizlilik Politikas\u0131"},"content":{"rendered":"<div data-elementor-type=\"wp-post\" data-elementor-id=\"2529\" class=\"elementor elementor-2529\" data-elementor-post-type=\"page\">\n\t\t\t\t<div class=\"elementor-element elementor-element-564ceda e-flex e-con-boxed e-con e-parent\" data-id=\"564ceda\" data-element_type=\"container\" data-e-type=\"container\" data-settings=\"{&quot;background_background&quot;:&quot;classic&quot;}\">\n\t\t\t\t\t<div class=\"e-con-inner\">\n\t\t<div class=\"elementor-element elementor-element-b7201f1 e-con-full e-flex e-con e-child\" data-id=\"b7201f1\" data-element_type=\"container\" data-e-type=\"container\">\n\t\t\t\t<div class=\"elementor-element elementor-element-a3b2fe8 elementor-widget elementor-widget-heading\" data-id=\"a3b2fe8\" data-element_type=\"widget\" data-e-type=\"widget\" data-widget_type=\"heading.default\">\n\t\t\t\t\t<h1 class=\"elementor-heading-title elementor-size-default\">Gizlilik Politikas\u0131<\/h1>\t\t\t\t<\/div>\n\t\t\t\t<\/div>\n\t\t\t\t\t<\/div>\n\t\t\t\t<\/div>\n\t\t<div class=\"elementor-element elementor-element-67b07c2 e-flex e-con-boxed e-con e-parent\" data-id=\"67b07c2\" data-element_type=\"container\" data-e-type=\"container\" data-settings=\"{&quot;background_background&quot;:&quot;classic&quot;}\">\n\t\t\t\t\t<div class=\"e-con-inner\">\n\t\t<div class=\"elementor-element elementor-element-9b85b56 e-con-full e-flex e-con e-child\" data-id=\"9b85b56\" data-element_type=\"container\" data-e-type=\"container\">\n\t\t\t\t<div class=\"elementor-element elementor-element-b505b61 elementor-widget elementor-widget-text-editor\" data-id=\"b505b61\" data-element_type=\"widget\" data-e-type=\"widget\" data-widget_type=\"text-editor.default\">\n\t\t\t\t\t\t\t\t\t<p>Yibai Energy Co.,Limited (\"biz\", \"biz\" veya \"bizim\") cmbatteries'i (\"Site\") i\u015fletmektedir. Bu sayfa, Site kullan\u0131c\u0131lar\u0131ndan ald\u0131\u011f\u0131m\u0131z Ki\u015fisel Bilgilerin toplanmas\u0131, kullan\u0131lmas\u0131 ve if\u015fa edilmesine ili\u015fkin politikalar\u0131m\u0131z hakk\u0131nda sizi bilgilendirir.<\/p><p>Ki\u015fisel Bilgilerinizi yaln\u0131zca Siteyi sa\u011flamak ve geli\u015ftirmek i\u00e7in kullan\u0131r\u0131z. Siteyi kullanarak, bilgilerin bu politikaya uygun olarak toplanmas\u0131n\u0131 ve kullan\u0131lmas\u0131n\u0131 kabul etmi\u015f olursunuz.<\/p><h5>Bilgi Toplama ve Kullanma<\/h5><p>Sitemizi kullan\u0131rken, sizinle ileti\u015fim kurmak veya sizi tan\u0131mlamak i\u00e7in kullan\u0131labilecek baz\u0131 ki\u015fisel olarak tan\u0131mlanabilir bilgileri bize vermenizi isteyebiliriz. Ki\u015fisel olarak tan\u0131mlanabilir bilgiler, ad\u0131n\u0131z\u0131 i\u00e7erebilir ancak bununla s\u0131n\u0131rl\u0131 de\u011fildir (\"Ki\u015fisel Bilgiler\").<\/p><h6>G\u00fcnl\u00fck Verileri<\/h6><p>Bir\u00e7ok site operat\u00f6r\u00fc gibi, Sitemizi her ziyaret etti\u011finizde taray\u0131c\u0131n\u0131z\u0131n g\u00f6nderdi\u011fi bilgileri (\"G\u00fcnl\u00fck Verileri\") toplar\u0131z.<\/p><p>Bu G\u00fcnl\u00fck Verileri, bilgisayar\u0131n\u0131z\u0131n \u0130nternet Protokol\u00fc (\"IP\") adresi, taray\u0131c\u0131 t\u00fcr\u00fc, taray\u0131c\u0131 s\u00fcr\u00fcm\u00fc, Sitemizin ziyaret etti\u011finiz sayfalar\u0131, ziyaretinizin saati ve tarihi, bu sayfalarda ge\u00e7irilen s\u00fcre ve di\u011fer istatistikler gibi bilgileri i\u00e7erebilir.<\/p><p>Ayr\u0131ca, bunu toplayan, izleyen ve analiz eden Google Analytics gibi \u00fc\u00e7\u00fcnc\u00fc taraf hizmetleri kullanabiliriz.<\/p><h6>\u0130leti\u015fim<\/h6><p>Ki\u015fisel Bilgilerinizi sizinle haber b\u00fcltenleri, pazarlama veya promosyon materyalleri ve di\u011fer bilgilerle ileti\u015fime ge\u00e7mek i\u00e7in kullanabiliriz.<\/p><h6>\u00c7erezler<\/h6><p>\u00c7erezler, anonim benzersiz bir tan\u0131mlay\u0131c\u0131 i\u00e7erebilen az miktarda veri i\u00e7eren dosyalard\u0131r. \u00c7erezler bir web sitesinden taray\u0131c\u0131n\u0131za g\u00f6nderilir ve bilgisayar\u0131n\u0131z\u0131n sabit diskinde saklan\u0131r.<\/p><p>Bir\u00e7ok site gibi biz de bilgi toplamak i\u00e7in \"\u00e7erezler\" kullan\u0131yoruz. Taray\u0131c\u0131n\u0131za t\u00fcm \u00e7erezleri reddetmesi veya bir \u00e7erez g\u00f6nderildi\u011finde bunu belirtmesi talimat\u0131n\u0131 verebilirsiniz. Ancak, \u00e7erezleri kabul etmezseniz, Sitemizin baz\u0131 b\u00f6l\u00fcmlerini kullanamayabilirsiniz.<\/p><h6>G\u00fcvenlik<\/h6><p>Ki\u015fisel Bilgilerinizin g\u00fcvenli\u011fi bizim i\u00e7in \u00f6nemlidir, ancak \u0130nternet \u00fczerinden hi\u00e7bir iletim y\u00f6nteminin veya elektronik depolama y\u00f6nteminin 100% g\u00fcvenli olmad\u0131\u011f\u0131n\u0131 unutmay\u0131n. Ki\u015fisel Bilgilerinizi korumak i\u00e7in ticari olarak kabul edilebilir ara\u00e7lar kullanmaya \u00e7al\u0131\u015fsak da, mutlak g\u00fcvenli\u011fini garanti edemeyiz.<\/p><h6>Bu Gizlilik Politikas\u0131ndaki De\u011fi\u015fiklikler<\/h6><p>Bu Gizlilik Politikas\u0131 1 Aral\u0131k 2022 tarihinden itibaren ge\u00e7erlidir ve gelecekte bu sayfada yay\u0131nland\u0131ktan hemen sonra y\u00fcr\u00fcrl\u00fc\u011fe girecek olan h\u00fck\u00fcmlerindeki herhangi bir de\u011fi\u015fiklik d\u0131\u015f\u0131nda y\u00fcr\u00fcrl\u00fckte kalacakt\u0131r.<\/p><p>Gizlilik Politikam\u0131z\u0131 istedi\u011fimiz zaman g\u00fcncelleme veya de\u011fi\u015ftirme hakk\u0131m\u0131z sakl\u0131d\u0131r ve bu Gizlilik Politikas\u0131n\u0131 periyodik olarak kontrol etmelisiniz. Gizlilik Politikas\u0131nda yap\u0131lan de\u011fi\u015fiklikleri bu sayfada yay\u0131nlad\u0131ktan sonra Hizmeti kullanmaya devam etmeniz, de\u011fi\u015fiklikleri kabul etti\u011finiz ve de\u011fi\u015ftirilen Gizlilik Politikas\u0131na uymaya ve ba\u011fl\u0131 kalmaya r\u0131za g\u00f6sterdi\u011finiz anlam\u0131na gelecektir.<\/p><p>Bu Gizlilik Politikas\u0131nda herhangi bir \u00f6nemli de\u011fi\u015fiklik yaparsak, bize sa\u011flad\u0131\u011f\u0131n\u0131z e-posta adresi arac\u0131l\u0131\u011f\u0131yla veya web sitemize belirgin bir bildirim yerle\u015ftirerek sizi bilgilendirece\u011fiz.<\/p><h6>Bize Ula\u015f\u0131n<\/h6><p>Bu Gizlilik Politikas\u0131 hakk\u0131nda herhangi bir sorunuz varsa, l\u00fctfen <a href=\"https:\/\/yibaienergy-china.com\/contact\/\" target=\"_blank\" rel=\"noopener\">Bize ula\u015f\u0131n<\/a>.<\/p>\t\t\t\t\t\t\t\t<\/div>\n\t\t\t\t<\/div>\n\t\t\t\t\t<\/div>\n\t\t\t\t<\/div>\n\t\t\t\t<\/div>","protected":false},"excerpt":{"rendered":"<p>Privacy Policy Yibai Energy Co.,Limited (\u201cus\u201d, \u201cwe\u201d, or \u201cour\u201d) operates cmbatteries(the \u201cSite\u201d). This page informs you of our policies regarding the collection, use, and disclosure of Personal Information we receive from users of the Site. We use your Personal Information only for providing and improving the Site. By using the Site, you agree to the [&hellip;]<\/p>\n","protected":false},"author":1,"featured_media":1619,"parent":0,"menu_order":0,"comment_status":"closed","ping_status":"closed","template":"","meta":{"site-sidebar-layout":"no-sidebar","site-content-layout":"page-builder","ast-site-content-layout":"full-width-container","site-content-style":"unboxed","site-sidebar-style":"unboxed","ast-global-header-display":"","ast-banner-title-visibility":"","ast-main-header-display":"","ast-hfb-above-header-display":"","ast-hfb-below-header-display":"","ast-hfb-mobile-header-display":"","site-post-title":"disabled","ast-breadcrumbs-content":"","ast-featured-img":"disabled","footer-sml-layout":"","ast-disable-related-posts":"","theme-transparent-header-meta":"enabled","adv-header-id-meta":"","stick-header-meta":"","header-above-stick-meta":"","header-main-stick-meta":"","header-below-stick-meta":"","astra-migrate-meta-layouts":"set","ast-page-background-enabled":"default","ast-page-background-meta":{"desktop":{"background-color":"","background-image":"","background-repeat":"repeat","background-position":"center center","background-size":"auto","background-attachment":"scroll","background-type":"","background-media":"","overlay-type":"","overlay-color":"","overlay-opacity":"","overlay-gradient":""},"tablet":{"background-color":"","background-image":"","background-repeat":"repeat","background-position":"center center","background-size":"auto","background-attachment":"scroll","background-type":"","background-media":"","overlay-type":"","overlay-color":"","overlay-opacity":"","overlay-gradient":""},"mobile":{"background-color":"","background-image":"","background-repeat":"repeat","background-position":"center center","background-size":"auto","background-attachment":"scroll","background-type":"","background-media":"","overlay-type":"","overlay-color":"","overlay-opacity":"","overlay-gradient":""}},"ast-content-background-meta":{"desktop":{"background-color":"var(--ast-global-color-5)","background-image":"","background-repeat":"repeat","background-position":"center center","background-size":"auto","background-attachment":"scroll","background-type":"","background-media":"","overlay-type":"","overlay-color":"","overlay-opacity":"","overlay-gradient":""},"tablet":{"background-color":"var(--ast-global-color-5)","background-image":"","background-repeat":"repeat","background-position":"center center","background-size":"auto","background-attachment":"scroll","background-type":"","background-media":"","overlay-type":"","overlay-color":"","overlay-opacity":"","overlay-gradient":""},"mobile":{"background-color":"var(--ast-global-color-5)","background-image":"","background-repeat":"repeat","background-position":"center center","background-size":"auto","background-attachment":"scroll","background-type":"","background-media":"","overlay-type":"","overlay-color":"","overlay-opacity":"","overlay-gradient":""}},"footnotes":""},"class_list":["post-2529","page","type-page","status-publish","has-post-thumbnail","hentry"],"yoast_head":"<!-- This site is optimized with the Yoast SEO plugin v27.4 - https:\/\/yoast.com\/product\/yoast-seo-wordpress\/ -->\n<title>Privacy Policy - Lithium Battery Manufacturer<\/title>\n<meta name=\"description\" content=\"Solar Energy Storage Batteries, Electric Vehicle Power Batteries, 15 Years Experience, Motive power batteries\" \/>\n<meta name=\"robots\" content=\"index, follow, max-snippet:-1, max-image-preview:large, max-video-preview:-1\" \/>\n<link rel=\"canonical\" href=\"https:\/\/yibaienergy-china.com\/tr\/gizlilik-politikasi\/\" \/>\n<meta property=\"og:locale\" content=\"tr_TR\" \/>\n<meta property=\"og:type\" content=\"article\" \/>\n<meta property=\"og:title\" content=\"Privacy Policy - Lithium Battery Manufacturer\" \/>\n<meta property=\"og:description\" content=\"Solar Energy Storage Batteries, Electric Vehicle Power Batteries, 15 Years Experience, Motive power batteries\" \/>\n<meta property=\"og:url\" content=\"https:\/\/yibaienergy-china.com\/tr\/gizlilik-politikasi\/\" \/>\n<meta property=\"og:site_name\" content=\"Lithium Battery Manufacturer\" \/>\n<meta property=\"article:modified_time\" content=\"2024-12-30T06:39:32+00:00\" \/>\n<meta property=\"og:image\" content=\"https:\/\/yibaienergy-china.com\/wp-content\/uploads\/2024\/12\/detailed-close-up-of-a-single-varta-energy-aa-battery-on-a-white-background.-6015271-2048x1365.jpg\" \/>\n\t<meta property=\"og:image:width\" content=\"2048\" \/>\n\t<meta property=\"og:image:height\" content=\"1365\" \/>\n\t<meta property=\"og:image:type\" content=\"image\/jpeg\" \/>\n<meta name=\"twitter:card\" content=\"summary_large_image\" \/>\n<script type=\"application\/ld+json\" class=\"yoast-schema-graph\">{\"@context\":\"https:\\\/\\\/schema.org\",\"@graph\":[{\"@type\":\"WebPage\",\"@id\":\"https:\\\/\\\/yibaienergy-china.com\\\/privacy-policy\\\/\",\"url\":\"https:\\\/\\\/yibaienergy-china.com\\\/privacy-policy\\\/\",\"name\":\"Privacy Policy - Lithium Battery Manufacturer\",\"isPartOf\":{\"@id\":\"https:\\\/\\\/yibaienergy-china.com\\\/#website\"},\"primaryImageOfPage\":{\"@id\":\"https:\\\/\\\/yibaienergy-china.com\\\/privacy-policy\\\/#primaryimage\"},\"image\":{\"@id\":\"https:\\\/\\\/yibaienergy-china.com\\\/privacy-policy\\\/#primaryimage\"},\"thumbnailUrl\":\"https:\\\/\\\/yibaienergy-china.com\\\/wp-content\\\/uploads\\\/2024\\\/12\\\/detailed-close-up-of-a-single-varta-energy-aa-battery-on-a-white-background.-6015271-2048x1365.jpg\",\"datePublished\":\"2024-12-30T06:31:12+00:00\",\"dateModified\":\"2024-12-30T06:39:32+00:00\",\"description\":\"Solar Energy Storage Batteries, Electric Vehicle Power Batteries, 15 Years Experience, Motive power batteries\",\"breadcrumb\":{\"@id\":\"https:\\\/\\\/yibaienergy-china.com\\\/privacy-policy\\\/#breadcrumb\"},\"inLanguage\":\"tr\",\"potentialAction\":[{\"@type\":\"ReadAction\",\"target\":[\"https:\\\/\\\/yibaienergy-china.com\\\/privacy-policy\\\/\"]}]},{\"@type\":\"ImageObject\",\"inLanguage\":\"tr\",\"@id\":\"https:\\\/\\\/yibaienergy-china.com\\\/privacy-policy\\\/#primaryimage\",\"url\":\"https:\\\/\\\/yibaienergy-china.com\\\/wp-content\\\/uploads\\\/2024\\\/12\\\/detailed-close-up-of-a-single-varta-energy-aa-battery-on-a-white-background.-6015271-2048x1365.jpg\",\"contentUrl\":\"https:\\\/\\\/yibaienergy-china.com\\\/wp-content\\\/uploads\\\/2024\\\/12\\\/detailed-close-up-of-a-single-varta-energy-aa-battery-on-a-white-background.-6015271-2048x1365.jpg\",\"width\":2048,\"height\":1365,\"caption\":\"Privacy Policy\"},{\"@type\":\"BreadcrumbList\",\"@id\":\"https:\\\/\\\/yibaienergy-china.com\\\/privacy-policy\\\/#breadcrumb\",\"itemListElement\":[{\"@type\":\"ListItem\",\"position\":1,\"name\":\"Home\",\"item\":\"https:\\\/\\\/yibaienergy-china.com\\\/\"},{\"@type\":\"ListItem\",\"position\":2,\"name\":\"Privacy Policy\"}]},{\"@type\":\"WebSite\",\"@id\":\"https:\\\/\\\/yibaienergy-china.com\\\/#website\",\"url\":\"https:\\\/\\\/yibaienergy-china.com\\\/\",\"name\":\"Lithium Battery Manufacturer\",\"description\":\"Professional Lithium Battery Manufacturer\",\"publisher\":{\"@id\":\"https:\\\/\\\/yibaienergy-china.com\\\/#organization\"},\"alternateName\":\"Lithium Battery Factory\",\"potentialAction\":[{\"@type\":\"SearchAction\",\"target\":{\"@type\":\"EntryPoint\",\"urlTemplate\":\"https:\\\/\\\/yibaienergy-china.com\\\/?s={search_term_string}\"},\"query-input\":{\"@type\":\"PropertyValueSpecification\",\"valueRequired\":true,\"valueName\":\"search_term_string\"}}],\"inLanguage\":\"tr\"},{\"@type\":\"Organization\",\"@id\":\"https:\\\/\\\/yibaienergy-china.com\\\/#organization\",\"name\":\"Lithium Battery Manufacturer\",\"alternateName\":\"Custom Lithium Battery Pack Manufacturer\",\"url\":\"https:\\\/\\\/yibaienergy-china.com\\\/\",\"logo\":{\"@type\":\"ImageObject\",\"inLanguage\":\"tr\",\"@id\":\"https:\\\/\\\/yibaienergy-china.com\\\/#\\\/schema\\\/logo\\\/image\\\/\",\"url\":\"https:\\\/\\\/yibaienergy-china.com\\\/wp-content\\\/uploads\\\/2024\\\/12\\\/cropped-Yibai-solar-energy-2.png\",\"contentUrl\":\"https:\\\/\\\/yibaienergy-china.com\\\/wp-content\\\/uploads\\\/2024\\\/12\\\/cropped-Yibai-solar-energy-2.png\",\"width\":234,\"height\":228,\"caption\":\"Lithium Battery Manufacturer\"},\"image\":{\"@id\":\"https:\\\/\\\/yibaienergy-china.com\\\/#\\\/schema\\\/logo\\\/image\\\/\"}}]}<\/script>\n<!-- \/ Yoast SEO plugin. -->","yoast_head_json":{"title":"Gizlilik Politikas\u0131 - Lityum Pil \u00dcreticisi","description":"G\u00fcne\u015f Enerjisi Depolama Bataryalar\u0131, Elektrikli Ara\u00e7 G\u00fc\u00e7 Bataryalar\u0131, 15 Y\u0131ll\u0131k Tecr\u00fcbe, Motive g\u00fc\u00e7 bataryalar\u0131","robots":{"index":"index","follow":"follow","max-snippet":"max-snippet:-1","max-image-preview":"max-image-preview:large","max-video-preview":"max-video-preview:-1"},"canonical":"https:\/\/yibaienergy-china.com\/tr\/gizlilik-politikasi\/","og_locale":"tr_TR","og_type":"article","og_title":"Privacy Policy - Lithium Battery Manufacturer","og_description":"Solar Energy Storage Batteries, Electric Vehicle Power Batteries, 15 Years Experience, Motive power batteries","og_url":"https:\/\/yibaienergy-china.com\/tr\/gizlilik-politikasi\/","og_site_name":"Lithium Battery Manufacturer","article_modified_time":"2024-12-30T06:39:32+00:00","og_image":[{"width":2048,"height":1365,"url":"https:\/\/yibaienergy-china.com\/wp-content\/uploads\/2024\/12\/detailed-close-up-of-a-single-varta-energy-aa-battery-on-a-white-background.-6015271-2048x1365.jpg","type":"image\/jpeg"}],"twitter_card":"summary_large_image","schema":{"@context":"https:\/\/schema.org","@graph":[{"@type":"WebPage","@id":"https:\/\/yibaienergy-china.com\/privacy-policy\/","url":"https:\/\/yibaienergy-china.com\/privacy-policy\/","name":"Gizlilik Politikas\u0131 - Lityum Pil \u00dcreticisi","isPartOf":{"@id":"https:\/\/yibaienergy-china.com\/#website"},"primaryImageOfPage":{"@id":"https:\/\/yibaienergy-china.com\/privacy-policy\/#primaryimage"},"image":{"@id":"https:\/\/yibaienergy-china.com\/privacy-policy\/#primaryimage"},"thumbnailUrl":"https:\/\/yibaienergy-china.com\/wp-content\/uploads\/2024\/12\/detailed-close-up-of-a-single-varta-energy-aa-battery-on-a-white-background.-6015271-2048x1365.jpg","datePublished":"2024-12-30T06:31:12+00:00","dateModified":"2024-12-30T06:39:32+00:00","description":"G\u00fcne\u015f Enerjisi Depolama Bataryalar\u0131, Elektrikli Ara\u00e7 G\u00fc\u00e7 Bataryalar\u0131, 15 Y\u0131ll\u0131k Tecr\u00fcbe, Motive g\u00fc\u00e7 bataryalar\u0131","breadcrumb":{"@id":"https:\/\/yibaienergy-china.com\/privacy-policy\/#breadcrumb"},"inLanguage":"tr","potentialAction":[{"@type":"ReadAction","target":["https:\/\/yibaienergy-china.com\/privacy-policy\/"]}]},{"@type":"ImageObject","inLanguage":"tr","@id":"https:\/\/yibaienergy-china.com\/privacy-policy\/#primaryimage","url":"https:\/\/yibaienergy-china.com\/wp-content\/uploads\/2024\/12\/detailed-close-up-of-a-single-varta-energy-aa-battery-on-a-white-background.-6015271-2048x1365.jpg","contentUrl":"https:\/\/yibaienergy-china.com\/wp-content\/uploads\/2024\/12\/detailed-close-up-of-a-single-varta-energy-aa-battery-on-a-white-background.-6015271-2048x1365.jpg","width":2048,"height":1365,"caption":"Privacy Policy"},{"@type":"BreadcrumbList","@id":"https:\/\/yibaienergy-china.com\/privacy-policy\/#breadcrumb","itemListElement":[{"@type":"ListItem","position":1,"name":"Home","item":"https:\/\/yibaienergy-china.com\/"},{"@type":"ListItem","position":2,"name":"Privacy Policy"}]},{"@type":"WebSite","@id":"https:\/\/yibaienergy-china.com\/#website","url":"https:\/\/yibaienergy-china.com\/","name":"Lityum Pil \u00dcreticisi","description":"Profesyonel Lityum Pil \u00dcreticisi","publisher":{"@id":"https:\/\/yibaienergy-china.com\/#organization"},"alternateName":"Lithium Battery Factory","potentialAction":[{"@type":"SearchAction","target":{"@type":"EntryPoint","urlTemplate":"https:\/\/yibaienergy-china.com\/?s={search_term_string}"},"query-input":{"@type":"PropertyValueSpecification","valueRequired":true,"valueName":"search_term_string"}}],"inLanguage":"tr"},{"@type":"Organization","@id":"https:\/\/yibaienergy-china.com\/#organization","name":"Lityum Pil \u00dcreticisi","alternateName":"Custom Lithium Battery Pack Manufacturer","url":"https:\/\/yibaienergy-china.com\/","logo":{"@type":"ImageObject","inLanguage":"tr","@id":"https:\/\/yibaienergy-china.com\/#\/schema\/logo\/image\/","url":"https:\/\/yibaienergy-china.com\/wp-content\/uploads\/2024\/12\/cropped-Yibai-solar-energy-2.png","contentUrl":"https:\/\/yibaienergy-china.com\/wp-content\/uploads\/2024\/12\/cropped-Yibai-solar-energy-2.png","width":234,"height":228,"caption":"Lithium Battery Manufacturer"},"image":{"@id":"https:\/\/yibaienergy-china.com\/#\/schema\/logo\/image\/"}}]}},"_links":{"self":[{"href":"https:\/\/yibaienergy-china.com\/tr\/wp-json\/wp\/v2\/pages\/2529","targetHints":{"allow":["GET"]}}],"collection":[{"href":"https:\/\/yibaienergy-china.com\/tr\/wp-json\/wp\/v2\/pages"}],"about":[{"href":"https:\/\/yibaienergy-china.com\/tr\/wp-json\/wp\/v2\/types\/page"}],"author":[{"embeddable":true,"href":"https:\/\/yibaienergy-china.com\/tr\/wp-json\/wp\/v2\/users\/1"}],"replies":[{"embeddable":true,"href":"https:\/\/yibaienergy-china.com\/tr\/wp-json\/wp\/v2\/comments?post=2529"}],"version-history":[{"count":0,"href":"https:\/\/yibaienergy-china.com\/tr\/wp-json\/wp\/v2\/pages\/2529\/revisions"}],"wp:featuredmedia":[{"embeddable":true,"href":"https:\/\/yibaienergy-china.com\/tr\/wp-json\/wp\/v2\/media\/1619"}],"wp:attachment":[{"href":"https:\/\/yibaienergy-china.com\/tr\/wp-json\/wp\/v2\/media?parent=2529"}],"curies":[{"name":"wp","href":"https:\/\/api.w.org\/{rel}","templated":true}]}}