{"id":2513,"date":"2024-12-30T06:08:40","date_gmt":"2024-12-30T06:08:40","guid":{"rendered":"https:\/\/yibaienergy-china.com\/?page_id=2513"},"modified":"2024-12-30T06:41:41","modified_gmt":"2024-12-30T06:41:41","slug":"garanti","status":"publish","type":"page","link":"https:\/\/yibaienergy-china.com\/tr\/garanti\/","title":{"rendered":"Garanti"},"content":{"rendered":"<div data-elementor-type=\"wp-post\" data-elementor-id=\"2513\" class=\"elementor elementor-2513\" data-elementor-post-type=\"page\">\n\t\t\t\t<div class=\"elementor-element elementor-element-564ceda e-flex e-con-boxed e-con e-parent\" data-id=\"564ceda\" data-element_type=\"container\" data-e-type=\"container\" data-settings=\"{&quot;background_background&quot;:&quot;classic&quot;}\">\n\t\t\t\t\t<div class=\"e-con-inner\">\n\t\t<div class=\"elementor-element elementor-element-b7201f1 e-con-full e-flex e-con e-child\" data-id=\"b7201f1\" data-element_type=\"container\" data-e-type=\"container\">\n\t\t\t\t<div class=\"elementor-element elementor-element-a3b2fe8 elementor-widget elementor-widget-heading\" data-id=\"a3b2fe8\" data-element_type=\"widget\" data-e-type=\"widget\" data-widget_type=\"heading.default\">\n\t\t\t\t\t<h1 class=\"elementor-heading-title elementor-size-default\">Garanti<\/h1>\t\t\t\t<\/div>\n\t\t\t\t<\/div>\n\t\t\t\t\t<\/div>\n\t\t\t\t<\/div>\n\t\t<div class=\"elementor-element elementor-element-67b07c2 e-flex e-con-boxed e-con e-parent\" data-id=\"67b07c2\" data-element_type=\"container\" data-e-type=\"container\" data-settings=\"{&quot;background_background&quot;:&quot;classic&quot;}\">\n\t\t\t\t\t<div class=\"e-con-inner\">\n\t\t<div class=\"elementor-element elementor-element-9b85b56 e-con-full e-flex e-con e-child\" data-id=\"9b85b56\" data-element_type=\"container\" data-e-type=\"container\">\n\t\t\t\t<div class=\"elementor-element elementor-element-b505b61 elementor-widget elementor-widget-text-editor\" data-id=\"b505b61\" data-element_type=\"widget\" data-e-type=\"widget\" data-widget_type=\"text-editor.default\">\n\t\t\t\t\t\t\t\t\t<p>Bir lityum iyon pil garantisi sa\u011flayaca\u011f\u0131z, her boyutta ve i\u015flevde cihaz i\u00e7in y\u00fcksek kaliteli \u00f6zel pil paketleri tasarlamaktan ve \u00fcretmekten b\u00fcy\u00fck gurur duyuyoruz. Ancak, bir \u015firket olarak amac\u0131m\u0131z bunun \u00f6tesine ge\u00e7iyor. Y\u00fcksek kaliteli pillerimiz ve ahlak odakl\u0131 eylemlerimizle \u00fcr\u00fcnlere, insanlara ve gezegene enerji verme misyonunday\u0131z.<\/p><p>\u00dcr\u00fcn\u00fcm\u00fcze olan g\u00fcveninizi sa\u011flamak i\u00e7in endi\u015fesiz bir garanti sunuyoruz ve pil \u00e7\u00f6z\u00fcmlerimizle ilgili herhangi bir sorun olmas\u0131 durumunda yard\u0131m sa\u011flamak i\u00e7in hem yerel hem de d\u00f6rt uluslararas\u0131 konumda bulunan bir m\u00fc\u015fteri hizmetleri ekibimiz var. Bu lityum iyon pil garantisinin i\u00e7inizi rahatlataca\u011f\u0131n\u0131 ve m\u00fcmk\u00fcn olan en iyi hizmeti sunma konusundaki kararl\u0131l\u0131\u011f\u0131m\u0131z\u0131 g\u00f6sterece\u011fini umuyoruz.<\/p><p>\u00dcr\u00fcnleriniz i\u00e7in a\u015fa\u011f\u0131daki garantileri sunuyoruz:<\/p><h5>Lityum \u0130yon Pil Garantisi ve Pil \u015earj Cihazlar\u0131.<\/h5><p>Yibai Energy (\"garanti veren\") taraf\u0131ndan \u00fcretilen \u00fcr\u00fcnlerin normal kullan\u0131m ve servis ko\u015fullar\u0131nda i\u015f\u00e7ilik ve malzeme kusurlar\u0131 i\u00e7ermedi\u011fi garanti edilir. Garanti, mal hakk\u0131n\u0131n m\u00fc\u015fteriye (\"al\u0131c\u0131\") devredildi\u011fi sevkiyat tarihinden itibaren ge\u00e7erlidir.<\/p><p>Herhangi bir Yibai Energy \u00fcr\u00fcn\u00fc bu li ion pil garantisine uymazsa ve herhangi bir g\u00fc\u00e7 kayb\u0131 garanti veren taraf\u0131ndan tespit edilirse, bir sonraki yeni sipari\u015flerde kusurlu \u00fcr\u00fcnleri onaracak veya yeni \u00fcr\u00fcnlerle de\u011fi\u015ftirecektir.<\/p><h6>1. Standart S\u0131n\u0131rl\u0131 Garanti<\/h6><p>Yibai Energy (\"garanti veren\") taraf\u0131ndan \u00fcretilen s\u0131n\u0131rl\u0131 garantili \u00fcr\u00fcnlerin normal kullan\u0131m ve servis ko\u015fullar\u0131nda i\u015f\u00e7ilik ve malzeme kusurlar\u0131 i\u00e7ermedi\u011fi garanti edilir. Garanti, mal hakk\u0131n\u0131n m\u00fc\u015fteriye (\"al\u0131c\u0131\") devredildi\u011fi sevkiyat tarihinden itibaren ge\u00e7erlidir. Bu s\u0131n\u0131rl\u0131 garanti, malzeme veya i\u015f\u00e7ilik ve performanstaki \u00f6nemli kusurlar\u0131 kapsar ve s\u0131n\u0131rl\u0131 garantinin y\u00f6nergelerini izler.<\/p><p>0-18 Ay \u00dccret Al\u0131nmaz.<\/p><h6>2. Uzat\u0131lm\u0131\u015f Garanti<\/h6><p>Bu uzat\u0131lm\u0131\u015f garanti, standart s\u0131n\u0131rl\u0131 garantiye ek olarak de\u011ferli Yibai Energy m\u00fc\u015fterilerine sunulan uzun s\u00fcreli bir garantidir.<\/p><p>0-24 Ay \u00dccret Al\u0131nmaz<\/p><h6>3. Ak\u00fcler i\u00e7in \u0130stisnalar ve S\u0131n\u0131rlamalar<\/h6><p>Garanti verenin batarya sistemi tasar\u0131m\u0131na kat\u0131l\u0131m\u0131 ve garanti verenin a\u00e7\u0131k yaz\u0131l\u0131 izni olmaks\u0131z\u0131n, batarya di\u011fer uygulamalar veya ar\u0131zan\u0131n yaralanmaya veya can kayb\u0131na veya y\u0131k\u0131c\u0131 maddi hasara yol a\u00e7abilece\u011fi yerlerde kullan\u0131m i\u00e7in tasarlanmam\u0131\u015ft\u0131r. Yasalar\u0131n izin verdi\u011fi \u00f6l\u00e7\u00fcde, Garanti Veren bu t\u00fcr kullan\u0131mlardan kaynaklanan her t\u00fcrl\u00fc sorumlulu\u011fu reddeder. Ayr\u0131ca, Warrantor bu ama\u00e7lar i\u00e7in kullan\u0131lan herhangi bir bataryaya hizmet vermeyi reddetme hakk\u0131n\u0131 sakl\u0131 tutar ve Warrantor'un hizmet vermeyi reddetmesinden kaynaklanan her t\u00fcrl\u00fc sorumlulu\u011fu reddeder.<\/p><p>Garanti, a\u015f\u0131r\u0131 d\u00fc\u015fme, yanl\u0131\u015f kurulum ve depolama, uyumsuz ak\u00fc \u015farj cihaz\u0131, yetersiz bak\u0131m, hatal\u0131 nakliye, yetkisiz test ve onar\u0131m, modifikasyonlar, d\u00f6n\u00fc\u015ft\u00fcrme ve eklemeler, kas\u0131tl\u0131 veya kazara yanl\u0131\u015f kullan\u0131m, k\u00f6t\u00fcye kullan\u0131m ve ihmal, tehlikeli maddelerle kirlenme, radyasyondan kaynaklanan ar\u0131za ve hasarlar\u0131 kapsamaz, ve su (garanti veren taraf\u0131ndan su ge\u00e7irmez oldu\u011fu aksi belirtilmedik\u00e7e), g\u00fc\u00e7 dalgalanmalar\u0131, kontrols\u00fcz voltajlar ve ak\u0131mlar, a\u015f\u0131r\u0131 veya eksik enerji beslemesi, sistem harmonikleri ve ayd\u0131nlatma, a\u015f\u0131r\u0131 s\u0131cak veya so\u011fuk s\u0131cakl\u0131klara maruz kalma ve yang\u0131nlar, seller, depremler, kas\u0131rgalar, \u015fiddetli hava ko\u015fullar\u0131, sava\u015flar ve ter\u00f6r eylemleri dahil olmak \u00fczere m\u00fccbir sebepler dahil olmak \u00fczere ola\u011fand\u0131\u015f\u0131 elektrik gerilimi.<\/p><p>Daha a\u00e7\u0131k bir ifadeyle, garanti a\u015fa\u011f\u0131daki durumlarda ge\u00e7ersizdir:<\/p><ul><li>Pil, teknik \u00f6zelliklerde veya veri sayfas\u0131nda belirtilen s\u0131cakl\u0131k aral\u0131\u011f\u0131n\u0131n d\u0131\u015f\u0131nda \u00e7al\u0131\u015f\u0131r.<\/li><li>Batarya paketleri, Yibai'nin izni olmadan yanl\u0131\u015f seri ve\/veya paralel olarak yap\u0131land\u0131r\u0131lm\u0131\u015ft\u0131r.<\/li><li>Ak\u00fc uyumsuz bir \u015farj cihaz\u0131 ile \u015farj edilmi\u015ftir.<\/li><li>Ak\u00fc, g\u00fc\u00e7 t\u00fckendikten sonra uzun s\u00fcre g\u00f6zetimsiz b\u0131rak\u0131l\u0131r.<\/li><li>Ak\u00fc, spesifikasyonda belirtilen gerekliliklere uygun olarak muhafaza edilmemi\u015f veya depolanmam\u0131\u015ft\u0131r.<\/li><li>Garanti verenin a\u00e7\u0131k yaz\u0131l\u0131 izni olmaks\u0131z\u0131n ak\u00fcn\u00fcn s\u00f6k\u00fclmesi, de\u011fi\u015ftirilmesi veya onar\u0131lmas\u0131.<\/li><li>Ak\u00fc suyun i\u00e7ine konur.<\/li><li>Ak\u00fc ate\u015fe at\u0131l\u0131r veya \u0131s\u0131t\u0131l\u0131r.<\/li><\/ul><p>Garanti Veren, \u00fcr\u00fcn(ler)deki sorunun Garanti Veren'in i\u015f\u00e7ilik veya malzemelerindeki bir \u00fcretim hatas\u0131ndan kaynaklanmad\u0131\u011f\u0131n\u0131 veya ba\u015fka bir \u015fekilde garanti kapsam\u0131nda onar\u0131m i\u00e7in uygun olmad\u0131\u011f\u0131n\u0131 belirlerse, Al\u0131c\u0131, Garanti Veren'in \u00fcr\u00fcn(ler)i onarmak, de\u011fi\u015ftirmek ve ta\u015f\u0131mak i\u00e7in gerekli t\u00fcm masraflar\u0131ndan sorumlu olacakt\u0131r.<\/p><h5>4. S\u0131n\u0131rl\u0131 Garanti S\u00fcreci<\/h5><p>Kusurlu \u00fcr\u00fcnlerle kar\u015f\u0131la\u015ft\u0131\u011f\u0131n\u0131zda, l\u00fctfen dan\u0131\u015fmanla ileti\u015fime ge\u00e7in. Dan\u0131\u015fman, sat\u0131\u015f sonras\u0131 hizmeti nas\u0131l alaca\u011f\u0131n\u0131z konusunda size rehberlik edecektir.<\/p><h6>M\u00fc\u015fterilerimizden haber almay\u0131 ve onlar\u0131 desteklemeyi seviyoruz<\/h6><p>Do\u011fru li-ion pil paketi \u00e7\u00f6z\u00fcm\u00fcn\u00fc olu\u015fturman\u0131z i\u00e7in size destek olacak profesyonel bir teknik Ekibimiz var. \u0130lgili destek bilgilerini a\u015fa\u011f\u0131da bulabilirsiniz:<\/p><p>E-posta:<a href=\"mailto:info@yibaienergy-china.com\" target=\"_blank\" rel=\"noopener\">info@yibaienergy-china.com<\/a><\/p><p>Mobil:+86 177 7381 1180<\/p><p>Web sitesi:<a href=\"https:\/\/yibaienergy-china.com\/contact\/\" target=\"_blank\" rel=\"noopener\">www.yibaienergy-china.com<\/a><\/p><p>Yibai Energy Batteries'i tercih etti\u011finiz i\u00e7in te\u015fekk\u00fcr eder, enerji ihtiya\u00e7lar\u0131n\u0131z\u0131 desteklemeyi d\u00f6rt g\u00f6zle bekleriz.<\/p>\t\t\t\t\t\t\t\t<\/div>\n\t\t\t\t<\/div>\n\t\t\t\t\t<\/div>\n\t\t\t\t<\/div>\n\t\t\t\t<\/div>","protected":false},"excerpt":{"rendered":"<p>Warranty We will provide a lithium ion battery warranty, we take great pride in designing and manufacturing high-quality custom battery packs for devices of all sizes and functions. However, our purpose as a company goes beyond this. We\u2019re on a mission to energize products, people, and the planet with our high-quality batteries and moral-driven actions. [&hellip;]<\/p>\n","protected":false},"author":1,"featured_media":1709,"parent":0,"menu_order":0,"comment_status":"closed","ping_status":"closed","template":"","meta":{"site-sidebar-layout":"no-sidebar","site-content-layout":"page-builder","ast-site-content-layout":"full-width-container","site-content-style":"unboxed","site-sidebar-style":"unboxed","ast-global-header-display":"","ast-banner-title-visibility":"","ast-main-header-display":"","ast-hfb-above-header-display":"","ast-hfb-below-header-display":"","ast-hfb-mobile-header-display":"","site-post-title":"disabled","ast-breadcrumbs-content":"","ast-featured-img":"disabled","footer-sml-layout":"","ast-disable-related-posts":"","theme-transparent-header-meta":"enabled","adv-header-id-meta":"","stick-header-meta":"","header-above-stick-meta":"","header-main-stick-meta":"","header-below-stick-meta":"","astra-migrate-meta-layouts":"set","ast-page-background-enabled":"default","ast-page-background-meta":{"desktop":{"background-color":"","background-image":"","background-repeat":"repeat","background-position":"center center","background-size":"auto","background-attachment":"scroll","background-type":"","background-media":"","overlay-type":"","overlay-color":"","overlay-opacity":"","overlay-gradient":""},"tablet":{"background-color":"","background-image":"","background-repeat":"repeat","background-position":"center center","background-size":"auto","background-attachment":"scroll","background-type":"","background-media":"","overlay-type":"","overlay-color":"","overlay-opacity":"","overlay-gradient":""},"mobile":{"background-color":"","background-image":"","background-repeat":"repeat","background-position":"center center","background-size":"auto","background-attachment":"scroll","background-type":"","background-media":"","overlay-type":"","overlay-color":"","overlay-opacity":"","overlay-gradient":""}},"ast-content-background-meta":{"desktop":{"background-color":"var(--ast-global-color-5)","background-image":"","background-repeat":"repeat","background-position":"center center","background-size":"auto","background-attachment":"scroll","background-type":"","background-media":"","overlay-type":"","overlay-color":"","overlay-opacity":"","overlay-gradient":""},"tablet":{"background-color":"var(--ast-global-color-5)","background-image":"","background-repeat":"repeat","background-position":"center center","background-size":"auto","background-attachment":"scroll","background-type":"","background-media":"","overlay-type":"","overlay-color":"","overlay-opacity":"","overlay-gradient":""},"mobile":{"background-color":"var(--ast-global-color-5)","background-image":"","background-repeat":"repeat","background-position":"center center","background-size":"auto","background-attachment":"scroll","background-type":"","background-media":"","overlay-type":"","overlay-color":"","overlay-opacity":"","overlay-gradient":""}},"footnotes":""},"class_list":["post-2513","page","type-page","status-publish","has-post-thumbnail","hentry"],"yoast_head":"<!-- This site is optimized with the Yoast SEO plugin v27.4 - https:\/\/yoast.com\/product\/yoast-seo-wordpress\/ -->\n<title>Warranty - Lithium Battery Manufacturer<\/title>\n<meta name=\"description\" content=\"Solar Energy Storage Batteries, Electric Vehicle Power Batteries, 15 Years Experience, 5 Years Warranty.\" \/>\n<meta name=\"robots\" content=\"index, follow, max-snippet:-1, max-image-preview:large, max-video-preview:-1\" \/>\n<link rel=\"canonical\" href=\"https:\/\/yibaienergy-china.com\/tr\/garanti\/\" \/>\n<meta property=\"og:locale\" content=\"tr_TR\" \/>\n<meta property=\"og:type\" content=\"article\" \/>\n<meta property=\"og:title\" content=\"Warranty - Lithium Battery Manufacturer\" \/>\n<meta property=\"og:description\" content=\"Solar Energy Storage Batteries, Electric Vehicle Power Batteries, 15 Years Experience, 5 Years Warranty.\" \/>\n<meta property=\"og:url\" content=\"https:\/\/yibaienergy-china.com\/tr\/garanti\/\" \/>\n<meta property=\"og:site_name\" content=\"Lithium Battery Manufacturer\" \/>\n<meta property=\"article:modified_time\" content=\"2024-12-30T06:41:41+00:00\" \/>\n<meta property=\"og:image\" content=\"https:\/\/yibaienergy-china.com\/wp-content\/uploads\/2024\/12\/OEM-Battery-Manufacturer-1.jpg\" \/>\n\t<meta property=\"og:image:width\" content=\"540\" \/>\n\t<meta property=\"og:image:height\" content=\"300\" \/>\n\t<meta property=\"og:image:type\" content=\"image\/jpeg\" \/>\n<meta name=\"twitter:card\" content=\"summary_large_image\" \/>\n<meta name=\"twitter:label1\" content=\"Tahmini okuma s\u00fcresi\" \/>\n\t<meta name=\"twitter:data1\" content=\"4 dakika\" \/>\n<script type=\"application\/ld+json\" class=\"yoast-schema-graph\">{\"@context\":\"https:\\\/\\\/schema.org\",\"@graph\":[{\"@type\":\"WebPage\",\"@id\":\"https:\\\/\\\/yibaienergy-china.com\\\/warranty\\\/\",\"url\":\"https:\\\/\\\/yibaienergy-china.com\\\/warranty\\\/\",\"name\":\"Warranty - Lithium Battery Manufacturer\",\"isPartOf\":{\"@id\":\"https:\\\/\\\/yibaienergy-china.com\\\/#website\"},\"primaryImageOfPage\":{\"@id\":\"https:\\\/\\\/yibaienergy-china.com\\\/warranty\\\/#primaryimage\"},\"image\":{\"@id\":\"https:\\\/\\\/yibaienergy-china.com\\\/warranty\\\/#primaryimage\"},\"thumbnailUrl\":\"https:\\\/\\\/yibaienergy-china.com\\\/wp-content\\\/uploads\\\/2024\\\/12\\\/OEM-Battery-Manufacturer-1.jpg\",\"datePublished\":\"2024-12-30T06:08:40+00:00\",\"dateModified\":\"2024-12-30T06:41:41+00:00\",\"description\":\"Solar Energy Storage Batteries, Electric Vehicle Power Batteries, 15 Years Experience, 5 Years Warranty.\",\"breadcrumb\":{\"@id\":\"https:\\\/\\\/yibaienergy-china.com\\\/warranty\\\/#breadcrumb\"},\"inLanguage\":\"tr\",\"potentialAction\":[{\"@type\":\"ReadAction\",\"target\":[\"https:\\\/\\\/yibaienergy-china.com\\\/warranty\\\/\"]}]},{\"@type\":\"ImageObject\",\"inLanguage\":\"tr\",\"@id\":\"https:\\\/\\\/yibaienergy-china.com\\\/warranty\\\/#primaryimage\",\"url\":\"https:\\\/\\\/yibaienergy-china.com\\\/wp-content\\\/uploads\\\/2024\\\/12\\\/OEM-Battery-Manufacturer-1.jpg\",\"contentUrl\":\"https:\\\/\\\/yibaienergy-china.com\\\/wp-content\\\/uploads\\\/2024\\\/12\\\/OEM-Battery-Manufacturer-1.jpg\",\"width\":540,\"height\":300,\"caption\":\"OEM Battery Manufacturer (1)\"},{\"@type\":\"BreadcrumbList\",\"@id\":\"https:\\\/\\\/yibaienergy-china.com\\\/warranty\\\/#breadcrumb\",\"itemListElement\":[{\"@type\":\"ListItem\",\"position\":1,\"name\":\"Home\",\"item\":\"https:\\\/\\\/yibaienergy-china.com\\\/\"},{\"@type\":\"ListItem\",\"position\":2,\"name\":\"Warranty\"}]},{\"@type\":\"WebSite\",\"@id\":\"https:\\\/\\\/yibaienergy-china.com\\\/#website\",\"url\":\"https:\\\/\\\/yibaienergy-china.com\\\/\",\"name\":\"Lithium Battery Manufacturer\",\"description\":\"Professional Lithium Battery Manufacturer\",\"publisher\":{\"@id\":\"https:\\\/\\\/yibaienergy-china.com\\\/#organization\"},\"alternateName\":\"Lithium Battery Factory\",\"potentialAction\":[{\"@type\":\"SearchAction\",\"target\":{\"@type\":\"EntryPoint\",\"urlTemplate\":\"https:\\\/\\\/yibaienergy-china.com\\\/?s={search_term_string}\"},\"query-input\":{\"@type\":\"PropertyValueSpecification\",\"valueRequired\":true,\"valueName\":\"search_term_string\"}}],\"inLanguage\":\"tr\"},{\"@type\":\"Organization\",\"@id\":\"https:\\\/\\\/yibaienergy-china.com\\\/#organization\",\"name\":\"Lithium Battery Manufacturer\",\"alternateName\":\"Custom Lithium Battery Pack Manufacturer\",\"url\":\"https:\\\/\\\/yibaienergy-china.com\\\/\",\"logo\":{\"@type\":\"ImageObject\",\"inLanguage\":\"tr\",\"@id\":\"https:\\\/\\\/yibaienergy-china.com\\\/#\\\/schema\\\/logo\\\/image\\\/\",\"url\":\"https:\\\/\\\/yibaienergy-china.com\\\/wp-content\\\/uploads\\\/2024\\\/12\\\/cropped-Yibai-solar-energy-2.png\",\"contentUrl\":\"https:\\\/\\\/yibaienergy-china.com\\\/wp-content\\\/uploads\\\/2024\\\/12\\\/cropped-Yibai-solar-energy-2.png\",\"width\":234,\"height\":228,\"caption\":\"Lithium Battery Manufacturer\"},\"image\":{\"@id\":\"https:\\\/\\\/yibaienergy-china.com\\\/#\\\/schema\\\/logo\\\/image\\\/\"}}]}<\/script>\n<!-- \/ Yoast SEO plugin. -->","yoast_head_json":{"title":"Garanti - Lityum Pil \u00dcreticisi","description":"G\u00fcne\u015f Enerjisi Depolama Bataryalar\u0131, Elektrikli Ara\u00e7 G\u00fc\u00e7 Bataryalar\u0131, 15 Y\u0131ll\u0131k Tecr\u00fcbe, 5 Y\u0131l Garanti.","robots":{"index":"index","follow":"follow","max-snippet":"max-snippet:-1","max-image-preview":"max-image-preview:large","max-video-preview":"max-video-preview:-1"},"canonical":"https:\/\/yibaienergy-china.com\/tr\/garanti\/","og_locale":"tr_TR","og_type":"article","og_title":"Warranty - Lithium Battery Manufacturer","og_description":"Solar Energy Storage Batteries, Electric Vehicle Power Batteries, 15 Years Experience, 5 Years Warranty.","og_url":"https:\/\/yibaienergy-china.com\/tr\/garanti\/","og_site_name":"Lithium Battery Manufacturer","article_modified_time":"2024-12-30T06:41:41+00:00","og_image":[{"width":540,"height":300,"url":"https:\/\/yibaienergy-china.com\/wp-content\/uploads\/2024\/12\/OEM-Battery-Manufacturer-1.jpg","type":"image\/jpeg"}],"twitter_card":"summary_large_image","twitter_misc":{"Tahmini okuma s\u00fcresi":"4 dakika"},"schema":{"@context":"https:\/\/schema.org","@graph":[{"@type":"WebPage","@id":"https:\/\/yibaienergy-china.com\/warranty\/","url":"https:\/\/yibaienergy-china.com\/warranty\/","name":"Garanti - Lityum Pil \u00dcreticisi","isPartOf":{"@id":"https:\/\/yibaienergy-china.com\/#website"},"primaryImageOfPage":{"@id":"https:\/\/yibaienergy-china.com\/warranty\/#primaryimage"},"image":{"@id":"https:\/\/yibaienergy-china.com\/warranty\/#primaryimage"},"thumbnailUrl":"https:\/\/yibaienergy-china.com\/wp-content\/uploads\/2024\/12\/OEM-Battery-Manufacturer-1.jpg","datePublished":"2024-12-30T06:08:40+00:00","dateModified":"2024-12-30T06:41:41+00:00","description":"G\u00fcne\u015f Enerjisi Depolama Bataryalar\u0131, Elektrikli Ara\u00e7 G\u00fc\u00e7 Bataryalar\u0131, 15 Y\u0131ll\u0131k Tecr\u00fcbe, 5 Y\u0131l Garanti.","breadcrumb":{"@id":"https:\/\/yibaienergy-china.com\/warranty\/#breadcrumb"},"inLanguage":"tr","potentialAction":[{"@type":"ReadAction","target":["https:\/\/yibaienergy-china.com\/warranty\/"]}]},{"@type":"ImageObject","inLanguage":"tr","@id":"https:\/\/yibaienergy-china.com\/warranty\/#primaryimage","url":"https:\/\/yibaienergy-china.com\/wp-content\/uploads\/2024\/12\/OEM-Battery-Manufacturer-1.jpg","contentUrl":"https:\/\/yibaienergy-china.com\/wp-content\/uploads\/2024\/12\/OEM-Battery-Manufacturer-1.jpg","width":540,"height":300,"caption":"OEM Battery Manufacturer (1)"},{"@type":"BreadcrumbList","@id":"https:\/\/yibaienergy-china.com\/warranty\/#breadcrumb","itemListElement":[{"@type":"ListItem","position":1,"name":"Home","item":"https:\/\/yibaienergy-china.com\/"},{"@type":"ListItem","position":2,"name":"Warranty"}]},{"@type":"WebSite","@id":"https:\/\/yibaienergy-china.com\/#website","url":"https:\/\/yibaienergy-china.com\/","name":"Lityum Pil \u00dcreticisi","description":"Profesyonel Lityum Pil \u00dcreticisi","publisher":{"@id":"https:\/\/yibaienergy-china.com\/#organization"},"alternateName":"Lithium Battery Factory","potentialAction":[{"@type":"SearchAction","target":{"@type":"EntryPoint","urlTemplate":"https:\/\/yibaienergy-china.com\/?s={search_term_string}"},"query-input":{"@type":"PropertyValueSpecification","valueRequired":true,"valueName":"search_term_string"}}],"inLanguage":"tr"},{"@type":"Organization","@id":"https:\/\/yibaienergy-china.com\/#organization","name":"Lityum Pil \u00dcreticisi","alternateName":"Custom Lithium Battery Pack Manufacturer","url":"https:\/\/yibaienergy-china.com\/","logo":{"@type":"ImageObject","inLanguage":"tr","@id":"https:\/\/yibaienergy-china.com\/#\/schema\/logo\/image\/","url":"https:\/\/yibaienergy-china.com\/wp-content\/uploads\/2024\/12\/cropped-Yibai-solar-energy-2.png","contentUrl":"https:\/\/yibaienergy-china.com\/wp-content\/uploads\/2024\/12\/cropped-Yibai-solar-energy-2.png","width":234,"height":228,"caption":"Lithium Battery Manufacturer"},"image":{"@id":"https:\/\/yibaienergy-china.com\/#\/schema\/logo\/image\/"}}]}},"_links":{"self":[{"href":"https:\/\/yibaienergy-china.com\/tr\/wp-json\/wp\/v2\/pages\/2513","targetHints":{"allow":["GET"]}}],"collection":[{"href":"https:\/\/yibaienergy-china.com\/tr\/wp-json\/wp\/v2\/pages"}],"about":[{"href":"https:\/\/yibaienergy-china.com\/tr\/wp-json\/wp\/v2\/types\/page"}],"author":[{"embeddable":true,"href":"https:\/\/yibaienergy-china.com\/tr\/wp-json\/wp\/v2\/users\/1"}],"replies":[{"embeddable":true,"href":"https:\/\/yibaienergy-china.com\/tr\/wp-json\/wp\/v2\/comments?post=2513"}],"version-history":[{"count":0,"href":"https:\/\/yibaienergy-china.com\/tr\/wp-json\/wp\/v2\/pages\/2513\/revisions"}],"wp:featuredmedia":[{"embeddable":true,"href":"https:\/\/yibaienergy-china.com\/tr\/wp-json\/wp\/v2\/media\/1709"}],"wp:attachment":[{"href":"https:\/\/yibaienergy-china.com\/tr\/wp-json\/wp\/v2\/media?parent=2513"}],"curies":[{"name":"wp","href":"https:\/\/api.w.org\/{rel}","templated":true}]}}