{"id":2513,"date":"2024-12-30T06:08:40","date_gmt":"2024-12-30T06:08:40","guid":{"rendered":"https:\/\/yibaienergy-china.com\/?page_id=2513"},"modified":"2024-12-30T06:41:41","modified_gmt":"2024-12-30T06:41:41","slug":"gwarancja","status":"publish","type":"page","link":"https:\/\/yibaienergy-china.com\/pl\/gwarancja\/","title":{"rendered":"Gwarancja"},"content":{"rendered":"<div data-elementor-type=\"wp-post\" data-elementor-id=\"2513\" class=\"elementor elementor-2513\" data-elementor-post-type=\"page\">\n\t\t\t\t<div class=\"elementor-element elementor-element-564ceda e-flex e-con-boxed e-con e-parent\" data-id=\"564ceda\" data-element_type=\"container\" data-e-type=\"container\" data-settings=\"{&quot;background_background&quot;:&quot;classic&quot;}\">\n\t\t\t\t\t<div class=\"e-con-inner\">\n\t\t<div class=\"elementor-element elementor-element-b7201f1 e-con-full e-flex e-con e-child\" data-id=\"b7201f1\" data-element_type=\"container\" data-e-type=\"container\">\n\t\t\t\t<div class=\"elementor-element elementor-element-a3b2fe8 elementor-widget elementor-widget-heading\" data-id=\"a3b2fe8\" data-element_type=\"widget\" data-e-type=\"widget\" data-widget_type=\"heading.default\">\n\t\t\t\t\t<h1 class=\"elementor-heading-title elementor-size-default\">Gwarancja<\/h1>\t\t\t\t<\/div>\n\t\t\t\t<\/div>\n\t\t\t\t\t<\/div>\n\t\t\t\t<\/div>\n\t\t<div class=\"elementor-element elementor-element-67b07c2 e-flex e-con-boxed e-con e-parent\" data-id=\"67b07c2\" data-element_type=\"container\" data-e-type=\"container\" data-settings=\"{&quot;background_background&quot;:&quot;classic&quot;}\">\n\t\t\t\t\t<div class=\"e-con-inner\">\n\t\t<div class=\"elementor-element elementor-element-9b85b56 e-con-full e-flex e-con e-child\" data-id=\"9b85b56\" data-element_type=\"container\" data-e-type=\"container\">\n\t\t\t\t<div class=\"elementor-element elementor-element-b505b61 elementor-widget elementor-widget-text-editor\" data-id=\"b505b61\" data-element_type=\"widget\" data-e-type=\"widget\" data-widget_type=\"text-editor.default\">\n\t\t\t\t\t\t\t\t\t<p>Zapewniamy gwarancj\u0119 na akumulatory litowo-jonowe, jeste\u015bmy dumni z projektowania i produkcji wysokiej jako\u015bci niestandardowych zestaw\u00f3w akumulator\u00f3w do urz\u0105dze\u0144 o r\u00f3\u017cnych rozmiarach i funkcjach. Jednak nasz cel jako firmy wykracza poza to. Nasz\u0105 misj\u0105 jest zasilanie produkt\u00f3w, ludzi i planety dzi\u0119ki wysokiej jako\u015bci akumulatorom i dzia\u0142aniom opartym na moralno\u015bci.<\/p><p>Aby zapewni\u0107 zaufanie do naszych produkt\u00f3w, oferujemy bezproblemow\u0105 gwarancj\u0119 i posiadamy zesp\u00f3\u0142 obs\u0142ugi klienta zlokalizowany zar\u00f3wno lokalnie, jak i w czterech mi\u0119dzynarodowych lokalizacjach, aby zapewni\u0107 pomoc w przypadku jakichkolwiek problem\u00f3w z naszymi rozwi\u0105zaniami akumulatorowymi. Mamy nadziej\u0119, \u017ce gwarancja na akumulatory litowo-jonowe zapewni ci spok\u00f3j ducha i zademonstruje nasze zaanga\u017cowanie w zapewnienie najlepszej mo\u017cliwej obs\u0142ugi.<\/p><p>Oferujemy nast\u0119puj\u0105ce gwarancje na produkty:<\/p><h5>Gwarancja na akumulatory litowo-jonowe i \u0142adowarki akumulator\u00f3w.<\/h5><p>Produkty wytwarzane przez Yibai Energy (\"gwarant\") s\u0105 wolne od wad produkcyjnych i materia\u0142owych w warunkach normalnego u\u017cytkowania i obs\u0142ugi. Gwarancja obowi\u0105zuje od daty wysy\u0142ki, kiedy prawo do towar\u00f3w zostaje przeniesione na klienta (\"nabywc\u0119\").<\/p><p>Je\u015bli jakiekolwiek produkty Yibai Energy nie b\u0119d\u0105 zgodne z niniejsz\u0105 gwarancj\u0105 na akumulatory litowo-jonowe, a utrata mocy zostanie stwierdzona przez gwaranta, naprawi on lub wymieni wadliwe produkty na nowe w kolejnych nowych zam\u00f3wieniach.<\/p><h6>1. Standardowa ograniczona gwarancja<\/h6><p>Produkty obj\u0119te ograniczon\u0105 gwarancj\u0105 produkowane przez Yibai Energy (\"gwarant\") s\u0105 wolne od wad produkcyjnych i materia\u0142owych w warunkach normalnego u\u017cytkowania i obs\u0142ugi. Gwarancja obowi\u0105zuje od daty wysy\u0142ki, gdy prawo do towar\u00f3w zostanie przeniesione na klienta (\"nabywc\u0119\"). Niniejsza ograniczona gwarancja obejmuje istotne wady materia\u0142owe lub wady wykonania i wydajno\u015bci oraz jest zgodna z wytycznymi ograniczonej gwarancji.<\/p><p>0-18 miesi\u0119cy Bez op\u0142at.<\/p><h6>2. Rozszerzona gwarancja<\/h6><p>Ta rozszerzona gwarancja jest przed\u0142u\u017con\u0105 gwarancj\u0105 oferowan\u0105 cenionym klientom Yibai Energy jako dodatek do standardowej ograniczonej gwarancji.<\/p><p>0-24 miesi\u0119cy Bez op\u0142at<\/p><h6>3. Wy\u0142\u0105czenia i ograniczenia dotycz\u0105ce baterii<\/h6><p>Bez udzia\u0142u Gwaranta w projektowaniu systemu baterii i wyra\u017anej pisemnej zgody Gwaranta, bateria nie jest przeznaczona do u\u017cytku w innych zastosowaniach lub wsz\u0119dzie tam, gdzie awaria mo\u017ce prowadzi\u0107 do obra\u017ce\u0144 cia\u0142a lub utraty \u017cycia, lub katastrofalnych szk\u00f3d materialnych. W zakresie dozwolonym przez prawo, Gwarant zrzeka si\u0119 wszelkiej odpowiedzialno\u015bci wynikaj\u0105cej z takiego u\u017cytkowania. Ponadto firma Warrantor zastrzega sobie prawo do odmowy obs\u0142ugi akumulatora u\u017cywanego do tych cel\u00f3w i zrzeka si\u0119 wszelkiej odpowiedzialno\u015bci wynikaj\u0105cej z odmowy obs\u0142ugi przez firm\u0119 Warrantor.<\/p><p>Gwarancja nie obejmuje awarii i uszkodze\u0144 wynikaj\u0105cych z ekstremalnego upadku, niew\u0142a\u015bciwej instalacji i przechowywania, niekompatybilnej \u0142adowarki, nieodpowiedniej konserwacji, niew\u0142a\u015bciwego transportu, nieautoryzowanych test\u00f3w i napraw, modyfikacji, konwersji i dodatk\u00f3w celowego lub przypadkowego niew\u0142a\u015bciwego u\u017cycia, nadu\u017cycia i zaniedbania zanieczyszczenie niebezpiecznymi substancjami, promieniowaniem, i wod\u0105 (o ile gwarant nie okre\u015bli\u0142 inaczej, \u017ce jest wodoodporny), nietypowe obci\u0105\u017cenia elektryczne, w tym przepi\u0119cia, niekontrolowane napi\u0119cia i pr\u0105dy, nadmierne lub niewystarczaj\u0105ce dostawy energii, harmoniczne systemu i o\u015bwietlenie, nara\u017cenie na ekstremalnie wysokie lub niskie temperatury oraz si\u0142a wy\u017csza, w tym po\u017cary, powodzie, trz\u0119sienia ziemi, huragany, trudne warunki pogodowe, wojny i akty terroryzmu.<\/p><p>Co wi\u0119cej, gwarancja traci wa\u017cno\u015b\u0107 w nast\u0119puj\u0105cych przypadkach:<\/p><ul><li>Akumulator dzia\u0142a poza zakresem temperatur okre\u015blonym w specyfikacji lub arkuszu danych.<\/li><li>Pakiety akumulator\u00f3w s\u0105 skonfigurowane nieprawid\u0142owo szeregowo i\/lub r\u00f3wnolegle bez autoryzacji Yibai.<\/li><li>Bateria jest \u0142adowana za pomoc\u0105 niekompatybilnej \u0142adowarki.<\/li><li>Bateria jest pozostawiona bez nadzoru przez d\u0142u\u017cszy czas po wyczerpaniu energii.<\/li><li>Akumulator nie jest konserwowany lub przechowywany zgodnie z wymaganiami okre\u015blonymi w specyfikacji.<\/li><li>Bateria jest demontowana, zmieniana lub naprawiana bez wyra\u017anej pisemnej zgody gwaranta.<\/li><li>Bateria jest umieszczana w wodzie.<\/li><li>Bateria jest wk\u0142adana do ognia lub podgrzewana.<\/li><\/ul><p>Je\u015bli Gwarant ustali, \u017ce problem z produktem(ami) nie jest spowodowany wad\u0105 produkcyjn\u0105 w wykonaniu lub materia\u0142ach Gwaranta, lub w inny spos\u00f3b nie kwalifikuje si\u0119 do naprawy gwarancyjnej, w\u00f3wczas Nabywca b\u0119dzie odpowiedzialny za wszelkie koszty poniesione przez Gwaranta niezb\u0119dne do naprawy, wymiany i transportu produktu(\u00f3w).<\/p><h5>4. Proces ograniczonej gwarancji<\/h5><p>W przypadku napotkania wadliwych produkt\u00f3w nale\u017cy skontaktowa\u0107 si\u0119 z konsultantem. Konsultant poprowadzi Ci\u0119, jak uzyska\u0107 us\u0142ug\u0119 posprzeda\u017cn\u0105.<\/p><h6>Uwielbiamy s\u0142ucha\u0107 i wspiera\u0107 naszych klient\u00f3w<\/h6><p>Dysponujemy profesjonalnym zespo\u0142em technicznym, kt\u00f3ry pomo\u017ce Ci zbudowa\u0107 odpowiednie rozwi\u0105zanie w zakresie akumulator\u00f3w litowo-jonowych. Powi\u0105zane informacje dotycz\u0105ce wsparcia mo\u017cna znale\u017a\u0107 poni\u017cej:<\/p><p>E-mail:<a href=\"mailto:info@yibaienergy-china.com\" target=\"_blank\" rel=\"noopener\">info@yibaienergy-china.com<\/a><\/p><p>Telefon kom\u00f3rkowy: +86 177 7381 1180<\/p><p>Strona internetowa:<a href=\"https:\/\/yibaienergy-china.com\/contact\/\" target=\"_blank\" rel=\"noopener\">www.yibaienergy-china.com<\/a><\/p><p>Dzi\u0119kujemy za wybranie Yibai Energy Batteries i cieszymy si\u0119, \u017ce mo\u017cemy wspiera\u0107 Twoje potrzeby energetyczne.<\/p>\t\t\t\t\t\t\t\t<\/div>\n\t\t\t\t<\/div>\n\t\t\t\t\t<\/div>\n\t\t\t\t<\/div>\n\t\t\t\t<\/div>","protected":false},"excerpt":{"rendered":"<p>Warranty We will provide a lithium ion battery warranty, we take great pride in designing and manufacturing high-quality custom battery packs for devices of all sizes and functions. However, our purpose as a company goes beyond this. We\u2019re on a mission to energize products, people, and the planet with our high-quality batteries and moral-driven actions. [&hellip;]<\/p>\n","protected":false},"author":1,"featured_media":1709,"parent":0,"menu_order":0,"comment_status":"closed","ping_status":"closed","template":"","meta":{"site-sidebar-layout":"no-sidebar","site-content-layout":"page-builder","ast-site-content-layout":"full-width-container","site-content-style":"unboxed","site-sidebar-style":"unboxed","ast-global-header-display":"","ast-banner-title-visibility":"","ast-main-header-display":"","ast-hfb-above-header-display":"","ast-hfb-below-header-display":"","ast-hfb-mobile-header-display":"","site-post-title":"disabled","ast-breadcrumbs-content":"","ast-featured-img":"disabled","footer-sml-layout":"","ast-disable-related-posts":"","theme-transparent-header-meta":"enabled","adv-header-id-meta":"","stick-header-meta":"","header-above-stick-meta":"","header-main-stick-meta":"","header-below-stick-meta":"","astra-migrate-meta-layouts":"set","ast-page-background-enabled":"default","ast-page-background-meta":{"desktop":{"background-color":"","background-image":"","background-repeat":"repeat","background-position":"center center","background-size":"auto","background-attachment":"scroll","background-type":"","background-media":"","overlay-type":"","overlay-color":"","overlay-opacity":"","overlay-gradient":""},"tablet":{"background-color":"","background-image":"","background-repeat":"repeat","background-position":"center center","background-size":"auto","background-attachment":"scroll","background-type":"","background-media":"","overlay-type":"","overlay-color":"","overlay-opacity":"","overlay-gradient":""},"mobile":{"background-color":"","background-image":"","background-repeat":"repeat","background-position":"center center","background-size":"auto","background-attachment":"scroll","background-type":"","background-media":"","overlay-type":"","overlay-color":"","overlay-opacity":"","overlay-gradient":""}},"ast-content-background-meta":{"desktop":{"background-color":"var(--ast-global-color-5)","background-image":"","background-repeat":"repeat","background-position":"center center","background-size":"auto","background-attachment":"scroll","background-type":"","background-media":"","overlay-type":"","overlay-color":"","overlay-opacity":"","overlay-gradient":""},"tablet":{"background-color":"var(--ast-global-color-5)","background-image":"","background-repeat":"repeat","background-position":"center center","background-size":"auto","background-attachment":"scroll","background-type":"","background-media":"","overlay-type":"","overlay-color":"","overlay-opacity":"","overlay-gradient":""},"mobile":{"background-color":"var(--ast-global-color-5)","background-image":"","background-repeat":"repeat","background-position":"center center","background-size":"auto","background-attachment":"scroll","background-type":"","background-media":"","overlay-type":"","overlay-color":"","overlay-opacity":"","overlay-gradient":""}},"footnotes":""},"class_list":["post-2513","page","type-page","status-publish","has-post-thumbnail","hentry"],"yoast_head":"<!-- This site is optimized with the Yoast SEO plugin v27.4 - https:\/\/yoast.com\/product\/yoast-seo-wordpress\/ -->\n<title>Warranty - Lithium Battery Manufacturer<\/title>\n<meta name=\"description\" content=\"Solar Energy Storage Batteries, Electric Vehicle Power Batteries, 15 Years Experience, 5 Years Warranty.\" \/>\n<meta name=\"robots\" content=\"index, follow, max-snippet:-1, max-image-preview:large, max-video-preview:-1\" \/>\n<link rel=\"canonical\" href=\"https:\/\/yibaienergy-china.com\/pl\/gwarancja\/\" \/>\n<meta property=\"og:locale\" content=\"pl_PL\" \/>\n<meta property=\"og:type\" content=\"article\" \/>\n<meta property=\"og:title\" content=\"Warranty - Lithium Battery Manufacturer\" \/>\n<meta property=\"og:description\" content=\"Solar Energy Storage Batteries, Electric Vehicle Power Batteries, 15 Years Experience, 5 Years Warranty.\" \/>\n<meta property=\"og:url\" content=\"https:\/\/yibaienergy-china.com\/pl\/gwarancja\/\" \/>\n<meta property=\"og:site_name\" content=\"Lithium Battery Manufacturer\" \/>\n<meta property=\"article:modified_time\" content=\"2024-12-30T06:41:41+00:00\" \/>\n<meta property=\"og:image\" content=\"https:\/\/yibaienergy-china.com\/wp-content\/uploads\/2024\/12\/OEM-Battery-Manufacturer-1.jpg\" \/>\n\t<meta property=\"og:image:width\" content=\"540\" \/>\n\t<meta property=\"og:image:height\" content=\"300\" \/>\n\t<meta property=\"og:image:type\" content=\"image\/jpeg\" \/>\n<meta name=\"twitter:card\" content=\"summary_large_image\" \/>\n<meta name=\"twitter:label1\" content=\"Szacowany czas czytania\" \/>\n\t<meta name=\"twitter:data1\" content=\"4 minuty\" \/>\n<script type=\"application\/ld+json\" class=\"yoast-schema-graph\">{\"@context\":\"https:\\\/\\\/schema.org\",\"@graph\":[{\"@type\":\"WebPage\",\"@id\":\"https:\\\/\\\/yibaienergy-china.com\\\/warranty\\\/\",\"url\":\"https:\\\/\\\/yibaienergy-china.com\\\/warranty\\\/\",\"name\":\"Warranty - Lithium Battery Manufacturer\",\"isPartOf\":{\"@id\":\"https:\\\/\\\/yibaienergy-china.com\\\/#website\"},\"primaryImageOfPage\":{\"@id\":\"https:\\\/\\\/yibaienergy-china.com\\\/warranty\\\/#primaryimage\"},\"image\":{\"@id\":\"https:\\\/\\\/yibaienergy-china.com\\\/warranty\\\/#primaryimage\"},\"thumbnailUrl\":\"https:\\\/\\\/yibaienergy-china.com\\\/wp-content\\\/uploads\\\/2024\\\/12\\\/OEM-Battery-Manufacturer-1.jpg\",\"datePublished\":\"2024-12-30T06:08:40+00:00\",\"dateModified\":\"2024-12-30T06:41:41+00:00\",\"description\":\"Solar Energy Storage Batteries, Electric Vehicle Power Batteries, 15 Years Experience, 5 Years Warranty.\",\"breadcrumb\":{\"@id\":\"https:\\\/\\\/yibaienergy-china.com\\\/warranty\\\/#breadcrumb\"},\"inLanguage\":\"pl-PL\",\"potentialAction\":[{\"@type\":\"ReadAction\",\"target\":[\"https:\\\/\\\/yibaienergy-china.com\\\/warranty\\\/\"]}]},{\"@type\":\"ImageObject\",\"inLanguage\":\"pl-PL\",\"@id\":\"https:\\\/\\\/yibaienergy-china.com\\\/warranty\\\/#primaryimage\",\"url\":\"https:\\\/\\\/yibaienergy-china.com\\\/wp-content\\\/uploads\\\/2024\\\/12\\\/OEM-Battery-Manufacturer-1.jpg\",\"contentUrl\":\"https:\\\/\\\/yibaienergy-china.com\\\/wp-content\\\/uploads\\\/2024\\\/12\\\/OEM-Battery-Manufacturer-1.jpg\",\"width\":540,\"height\":300,\"caption\":\"OEM Battery Manufacturer (1)\"},{\"@type\":\"BreadcrumbList\",\"@id\":\"https:\\\/\\\/yibaienergy-china.com\\\/warranty\\\/#breadcrumb\",\"itemListElement\":[{\"@type\":\"ListItem\",\"position\":1,\"name\":\"Home\",\"item\":\"https:\\\/\\\/yibaienergy-china.com\\\/\"},{\"@type\":\"ListItem\",\"position\":2,\"name\":\"Warranty\"}]},{\"@type\":\"WebSite\",\"@id\":\"https:\\\/\\\/yibaienergy-china.com\\\/#website\",\"url\":\"https:\\\/\\\/yibaienergy-china.com\\\/\",\"name\":\"Lithium Battery Manufacturer\",\"description\":\"Professional Lithium Battery Manufacturer\",\"publisher\":{\"@id\":\"https:\\\/\\\/yibaienergy-china.com\\\/#organization\"},\"alternateName\":\"Lithium Battery Factory\",\"potentialAction\":[{\"@type\":\"SearchAction\",\"target\":{\"@type\":\"EntryPoint\",\"urlTemplate\":\"https:\\\/\\\/yibaienergy-china.com\\\/?s={search_term_string}\"},\"query-input\":{\"@type\":\"PropertyValueSpecification\",\"valueRequired\":true,\"valueName\":\"search_term_string\"}}],\"inLanguage\":\"pl-PL\"},{\"@type\":\"Organization\",\"@id\":\"https:\\\/\\\/yibaienergy-china.com\\\/#organization\",\"name\":\"Lithium Battery Manufacturer\",\"alternateName\":\"Custom Lithium Battery Pack Manufacturer\",\"url\":\"https:\\\/\\\/yibaienergy-china.com\\\/\",\"logo\":{\"@type\":\"ImageObject\",\"inLanguage\":\"pl-PL\",\"@id\":\"https:\\\/\\\/yibaienergy-china.com\\\/#\\\/schema\\\/logo\\\/image\\\/\",\"url\":\"https:\\\/\\\/yibaienergy-china.com\\\/wp-content\\\/uploads\\\/2024\\\/12\\\/cropped-Yibai-solar-energy-2.png\",\"contentUrl\":\"https:\\\/\\\/yibaienergy-china.com\\\/wp-content\\\/uploads\\\/2024\\\/12\\\/cropped-Yibai-solar-energy-2.png\",\"width\":234,\"height\":228,\"caption\":\"Lithium Battery Manufacturer\"},\"image\":{\"@id\":\"https:\\\/\\\/yibaienergy-china.com\\\/#\\\/schema\\\/logo\\\/image\\\/\"}}]}<\/script>\n<!-- \/ Yoast SEO plugin. -->","yoast_head_json":{"title":"Gwarancja - producent baterii litowej","description":"Akumulatory do magazynowania energii s\u0142onecznej, akumulatory do pojazd\u00f3w elektrycznych, 15 lat do\u015bwiadczenia, 5 lat gwarancji.","robots":{"index":"index","follow":"follow","max-snippet":"max-snippet:-1","max-image-preview":"max-image-preview:large","max-video-preview":"max-video-preview:-1"},"canonical":"https:\/\/yibaienergy-china.com\/pl\/gwarancja\/","og_locale":"pl_PL","og_type":"article","og_title":"Warranty - Lithium Battery Manufacturer","og_description":"Solar Energy Storage Batteries, Electric Vehicle Power Batteries, 15 Years Experience, 5 Years Warranty.","og_url":"https:\/\/yibaienergy-china.com\/pl\/gwarancja\/","og_site_name":"Lithium Battery Manufacturer","article_modified_time":"2024-12-30T06:41:41+00:00","og_image":[{"width":540,"height":300,"url":"https:\/\/yibaienergy-china.com\/wp-content\/uploads\/2024\/12\/OEM-Battery-Manufacturer-1.jpg","type":"image\/jpeg"}],"twitter_card":"summary_large_image","twitter_misc":{"Szacowany czas czytania":"4 minuty"},"schema":{"@context":"https:\/\/schema.org","@graph":[{"@type":"WebPage","@id":"https:\/\/yibaienergy-china.com\/warranty\/","url":"https:\/\/yibaienergy-china.com\/warranty\/","name":"Gwarancja - producent baterii litowej","isPartOf":{"@id":"https:\/\/yibaienergy-china.com\/#website"},"primaryImageOfPage":{"@id":"https:\/\/yibaienergy-china.com\/warranty\/#primaryimage"},"image":{"@id":"https:\/\/yibaienergy-china.com\/warranty\/#primaryimage"},"thumbnailUrl":"https:\/\/yibaienergy-china.com\/wp-content\/uploads\/2024\/12\/OEM-Battery-Manufacturer-1.jpg","datePublished":"2024-12-30T06:08:40+00:00","dateModified":"2024-12-30T06:41:41+00:00","description":"Akumulatory do magazynowania energii s\u0142onecznej, akumulatory do pojazd\u00f3w elektrycznych, 15 lat do\u015bwiadczenia, 5 lat gwarancji.","breadcrumb":{"@id":"https:\/\/yibaienergy-china.com\/warranty\/#breadcrumb"},"inLanguage":"pl-PL","potentialAction":[{"@type":"ReadAction","target":["https:\/\/yibaienergy-china.com\/warranty\/"]}]},{"@type":"ImageObject","inLanguage":"pl-PL","@id":"https:\/\/yibaienergy-china.com\/warranty\/#primaryimage","url":"https:\/\/yibaienergy-china.com\/wp-content\/uploads\/2024\/12\/OEM-Battery-Manufacturer-1.jpg","contentUrl":"https:\/\/yibaienergy-china.com\/wp-content\/uploads\/2024\/12\/OEM-Battery-Manufacturer-1.jpg","width":540,"height":300,"caption":"OEM Battery Manufacturer (1)"},{"@type":"BreadcrumbList","@id":"https:\/\/yibaienergy-china.com\/warranty\/#breadcrumb","itemListElement":[{"@type":"ListItem","position":1,"name":"Home","item":"https:\/\/yibaienergy-china.com\/"},{"@type":"ListItem","position":2,"name":"Warranty"}]},{"@type":"WebSite","@id":"https:\/\/yibaienergy-china.com\/#website","url":"https:\/\/yibaienergy-china.com\/","name":"Producent baterii litowych","description":"Profesjonalny producent baterii litowych","publisher":{"@id":"https:\/\/yibaienergy-china.com\/#organization"},"alternateName":"Lithium Battery Factory","potentialAction":[{"@type":"SearchAction","target":{"@type":"EntryPoint","urlTemplate":"https:\/\/yibaienergy-china.com\/?s={search_term_string}"},"query-input":{"@type":"PropertyValueSpecification","valueRequired":true,"valueName":"search_term_string"}}],"inLanguage":"pl-PL"},{"@type":"Organization","@id":"https:\/\/yibaienergy-china.com\/#organization","name":"Producent baterii litowych","alternateName":"Custom Lithium Battery Pack Manufacturer","url":"https:\/\/yibaienergy-china.com\/","logo":{"@type":"ImageObject","inLanguage":"pl-PL","@id":"https:\/\/yibaienergy-china.com\/#\/schema\/logo\/image\/","url":"https:\/\/yibaienergy-china.com\/wp-content\/uploads\/2024\/12\/cropped-Yibai-solar-energy-2.png","contentUrl":"https:\/\/yibaienergy-china.com\/wp-content\/uploads\/2024\/12\/cropped-Yibai-solar-energy-2.png","width":234,"height":228,"caption":"Lithium Battery Manufacturer"},"image":{"@id":"https:\/\/yibaienergy-china.com\/#\/schema\/logo\/image\/"}}]}},"_links":{"self":[{"href":"https:\/\/yibaienergy-china.com\/pl\/wp-json\/wp\/v2\/pages\/2513","targetHints":{"allow":["GET"]}}],"collection":[{"href":"https:\/\/yibaienergy-china.com\/pl\/wp-json\/wp\/v2\/pages"}],"about":[{"href":"https:\/\/yibaienergy-china.com\/pl\/wp-json\/wp\/v2\/types\/page"}],"author":[{"embeddable":true,"href":"https:\/\/yibaienergy-china.com\/pl\/wp-json\/wp\/v2\/users\/1"}],"replies":[{"embeddable":true,"href":"https:\/\/yibaienergy-china.com\/pl\/wp-json\/wp\/v2\/comments?post=2513"}],"version-history":[{"count":0,"href":"https:\/\/yibaienergy-china.com\/pl\/wp-json\/wp\/v2\/pages\/2513\/revisions"}],"wp:featuredmedia":[{"embeddable":true,"href":"https:\/\/yibaienergy-china.com\/pl\/wp-json\/wp\/v2\/media\/1709"}],"wp:attachment":[{"href":"https:\/\/yibaienergy-china.com\/pl\/wp-json\/wp\/v2\/media?parent=2513"}],"curies":[{"name":"wp","href":"https:\/\/api.w.org\/{rel}","templated":true}]}}