{"id":2529,"date":"2024-12-30T06:31:12","date_gmt":"2024-12-30T06:31:12","guid":{"rendered":"https:\/\/yibaienergy-china.com\/?page_id=2529"},"modified":"2024-12-30T06:39:32","modified_gmt":"2024-12-30T06:39:32","slug":"privacy-policy","status":"publish","type":"page","link":"https:\/\/yibaienergy-china.com\/hu\/privacy-policy\/","title":{"rendered":"Adatv\u00e9delmi ir\u00e1nyelvek"},"content":{"rendered":"<div data-elementor-type=\"wp-post\" data-elementor-id=\"2529\" class=\"elementor elementor-2529\" data-elementor-post-type=\"page\">\n\t\t\t\t<div class=\"elementor-element elementor-element-564ceda e-flex e-con-boxed e-con e-parent\" data-id=\"564ceda\" data-element_type=\"container\" data-e-type=\"container\" data-settings=\"{&quot;background_background&quot;:&quot;classic&quot;}\">\n\t\t\t\t\t<div class=\"e-con-inner\">\n\t\t<div class=\"elementor-element elementor-element-b7201f1 e-con-full e-flex e-con e-child\" data-id=\"b7201f1\" data-element_type=\"container\" data-e-type=\"container\">\n\t\t\t\t<div class=\"elementor-element elementor-element-a3b2fe8 elementor-widget elementor-widget-heading\" data-id=\"a3b2fe8\" data-element_type=\"widget\" data-e-type=\"widget\" data-widget_type=\"heading.default\">\n\t\t\t\t\t<h1 class=\"elementor-heading-title elementor-size-default\">Adatv\u00e9delmi ir\u00e1nyelvek<\/h1>\t\t\t\t<\/div>\n\t\t\t\t<\/div>\n\t\t\t\t\t<\/div>\n\t\t\t\t<\/div>\n\t\t<div class=\"elementor-element elementor-element-67b07c2 e-flex e-con-boxed e-con e-parent\" data-id=\"67b07c2\" data-element_type=\"container\" data-e-type=\"container\" data-settings=\"{&quot;background_background&quot;:&quot;classic&quot;}\">\n\t\t\t\t\t<div class=\"e-con-inner\">\n\t\t<div class=\"elementor-element elementor-element-9b85b56 e-con-full e-flex e-con e-child\" data-id=\"9b85b56\" data-element_type=\"container\" data-e-type=\"container\">\n\t\t\t\t<div class=\"elementor-element elementor-element-b505b61 elementor-widget elementor-widget-text-editor\" data-id=\"b505b61\" data-element_type=\"widget\" data-e-type=\"widget\" data-widget_type=\"text-editor.default\">\n\t\t\t\t\t\t\t\t\t<p>Yibai Energy Co.,Limited (\u201cus\u201d, \u201cwe\u201d, or \u201cour\u201d) operates cmbatteries(the \u201cSite\u201d). This page informs you of our policies regarding the collection, use, and disclosure of Personal Information we receive from users of the Site.<\/p><p>We use your Personal Information only for providing and improving the Site. By using the Site, you agree to the collection and use of information in accordance with this policy.<\/p><h5>Information Collection And Use<\/h5><p>While using our Site, we may ask you to provide us with certain personally identifiable information that can be used to contact or identify you. Personally identifiable information may include, but is not limited to your name (\u201cPersonal Information\u201d).<\/p><h6>Log Data<\/h6><p>Like many site operators, we collect information that your browser sends whenever you visit our Site (\u201cLog Data\u201d).<\/p><p>This Log Data may include information such as your computer\u2019s Internet Protocol (\u201cIP\u201d) address, browser type, browser version, the pages of our Site that you visit, the time and date of your visit, the time spent on those pages and other statistics.<\/p><p>In addition, we may use third party services such as Google Analytics that collect, monitor and analyze this.<\/p><h6>Kommunik\u00e1ci\u00f3<\/h6><p>We may use your Personal Information to contact you with newsletters, marketing or promotional materials and other information that.<\/p><h6>Cookies<\/h6><p>Cookies are files with a small amount of data, which may include an anonymous unique identifier. Cookies are sent to your browser from a web site and stored on your computer\u2019s hard drive.<\/p><p>Like many sites, we use \u201ccookies\u201d to collect information. You can instruct your browser to refuse all cookies or to indicate when a cookie is being sent. However, if you do not accept cookies, you may not be able to use some portions of our Site.<\/p><h6>Security<\/h6><p>The security of your Personal Information is important to us, but remember that no method of transmission over the Internet, or method of electronic storage, is 100% secure. While we strive to use commercially acceptable means to protect your Personal Information, we cannot guarantee its absolute security.<\/p><h6>Changes To This Privacy Policy<\/h6><p>This Privacy Policy is effective as of Dec 1st, 2022 and will remain in effect except with respect to any changes in its provisions in the future, which will be in effect immediately after being posted on this page.<\/p><p>We reserve the right to update or change our Privacy Policy at any time and you should check this Privacy Policy periodically. Your continued use of the Service after we post any modifications to the Privacy Policy on this page will constitute your acknowledgment of the modifications and your consent to abide and be bound by the modified Privacy Policy.<\/p><p>If we make any material changes to this Privacy Policy, we will notify you either through the email address you have provided us, or by placing a prominent notice on our website.<\/p><h6>Kapcsolatfelv\u00e9tel<\/h6><p>If you have any questions about this Privacy Policy, please <a href=\"https:\/\/yibaienergy-china.com\/contact\/\" target=\"_blank\" rel=\"noopener\">kapcsolatfelv\u00e9tel<\/a>.<\/p>\t\t\t\t\t\t\t\t<\/div>\n\t\t\t\t<\/div>\n\t\t\t\t\t<\/div>\n\t\t\t\t<\/div>\n\t\t\t\t<\/div>","protected":false},"excerpt":{"rendered":"<p>Privacy Policy Yibai Energy Co.,Limited (\u201cus\u201d, \u201cwe\u201d, or \u201cour\u201d) operates cmbatteries(the \u201cSite\u201d). This page informs you of our policies regarding the collection, use, and disclosure of Personal Information we receive from users of the Site. We use your Personal Information only for providing and improving the Site. By using the Site, you agree to the [&hellip;]<\/p>\n","protected":false},"author":1,"featured_media":1619,"parent":0,"menu_order":0,"comment_status":"closed","ping_status":"closed","template":"","meta":{"site-sidebar-layout":"no-sidebar","site-content-layout":"page-builder","ast-site-content-layout":"full-width-container","site-content-style":"unboxed","site-sidebar-style":"unboxed","ast-global-header-display":"","ast-banner-title-visibility":"","ast-main-header-display":"","ast-hfb-above-header-display":"","ast-hfb-below-header-display":"","ast-hfb-mobile-header-display":"","site-post-title":"disabled","ast-breadcrumbs-content":"","ast-featured-img":"disabled","footer-sml-layout":"","ast-disable-related-posts":"","theme-transparent-header-meta":"enabled","adv-header-id-meta":"","stick-header-meta":"","header-above-stick-meta":"","header-main-stick-meta":"","header-below-stick-meta":"","astra-migrate-meta-layouts":"set","ast-page-background-enabled":"default","ast-page-background-meta":{"desktop":{"background-color":"","background-image":"","background-repeat":"repeat","background-position":"center center","background-size":"auto","background-attachment":"scroll","background-type":"","background-media":"","overlay-type":"","overlay-color":"","overlay-opacity":"","overlay-gradient":""},"tablet":{"background-color":"","background-image":"","background-repeat":"repeat","background-position":"center center","background-size":"auto","background-attachment":"scroll","background-type":"","background-media":"","overlay-type":"","overlay-color":"","overlay-opacity":"","overlay-gradient":""},"mobile":{"background-color":"","background-image":"","background-repeat":"repeat","background-position":"center center","background-size":"auto","background-attachment":"scroll","background-type":"","background-media":"","overlay-type":"","overlay-color":"","overlay-opacity":"","overlay-gradient":""}},"ast-content-background-meta":{"desktop":{"background-color":"var(--ast-global-color-5)","background-image":"","background-repeat":"repeat","background-position":"center center","background-size":"auto","background-attachment":"scroll","background-type":"","background-media":"","overlay-type":"","overlay-color":"","overlay-opacity":"","overlay-gradient":""},"tablet":{"background-color":"var(--ast-global-color-5)","background-image":"","background-repeat":"repeat","background-position":"center center","background-size":"auto","background-attachment":"scroll","background-type":"","background-media":"","overlay-type":"","overlay-color":"","overlay-opacity":"","overlay-gradient":""},"mobile":{"background-color":"var(--ast-global-color-5)","background-image":"","background-repeat":"repeat","background-position":"center center","background-size":"auto","background-attachment":"scroll","background-type":"","background-media":"","overlay-type":"","overlay-color":"","overlay-opacity":"","overlay-gradient":""}},"footnotes":""},"class_list":["post-2529","page","type-page","status-publish","has-post-thumbnail","hentry"],"yoast_head":"<!-- This site is optimized with the Yoast SEO plugin v27.4 - https:\/\/yoast.com\/product\/yoast-seo-wordpress\/ -->\n<title>Privacy Policy - Lithium Battery Manufacturer<\/title>\n<meta name=\"description\" content=\"Solar Energy Storage Batteries, Electric Vehicle Power Batteries, 15 Years Experience, Motive power batteries\" \/>\n<meta name=\"robots\" content=\"index, follow, max-snippet:-1, max-image-preview:large, max-video-preview:-1\" \/>\n<link rel=\"canonical\" href=\"https:\/\/yibaienergy-china.com\/hu\/privacy-policy\/\" \/>\n<meta property=\"og:locale\" content=\"hu_HU\" \/>\n<meta property=\"og:type\" content=\"article\" \/>\n<meta property=\"og:title\" content=\"Privacy Policy - Lithium Battery Manufacturer\" \/>\n<meta property=\"og:description\" content=\"Solar Energy Storage Batteries, Electric Vehicle Power Batteries, 15 Years Experience, Motive power batteries\" \/>\n<meta property=\"og:url\" content=\"https:\/\/yibaienergy-china.com\/hu\/privacy-policy\/\" \/>\n<meta property=\"og:site_name\" content=\"Lithium Battery Manufacturer\" \/>\n<meta property=\"article:modified_time\" content=\"2024-12-30T06:39:32+00:00\" \/>\n<meta property=\"og:image\" content=\"https:\/\/yibaienergy-china.com\/wp-content\/uploads\/2024\/12\/detailed-close-up-of-a-single-varta-energy-aa-battery-on-a-white-background.-6015271-2048x1365.jpg\" \/>\n\t<meta property=\"og:image:width\" content=\"2048\" \/>\n\t<meta property=\"og:image:height\" content=\"1365\" \/>\n\t<meta property=\"og:image:type\" content=\"image\/jpeg\" \/>\n<meta name=\"twitter:card\" content=\"summary_large_image\" \/>\n<script type=\"application\/ld+json\" class=\"yoast-schema-graph\">{\"@context\":\"https:\\\/\\\/schema.org\",\"@graph\":[{\"@type\":\"WebPage\",\"@id\":\"https:\\\/\\\/yibaienergy-china.com\\\/privacy-policy\\\/\",\"url\":\"https:\\\/\\\/yibaienergy-china.com\\\/privacy-policy\\\/\",\"name\":\"Privacy Policy - Lithium Battery Manufacturer\",\"isPartOf\":{\"@id\":\"https:\\\/\\\/yibaienergy-china.com\\\/#website\"},\"primaryImageOfPage\":{\"@id\":\"https:\\\/\\\/yibaienergy-china.com\\\/privacy-policy\\\/#primaryimage\"},\"image\":{\"@id\":\"https:\\\/\\\/yibaienergy-china.com\\\/privacy-policy\\\/#primaryimage\"},\"thumbnailUrl\":\"https:\\\/\\\/yibaienergy-china.com\\\/wp-content\\\/uploads\\\/2024\\\/12\\\/detailed-close-up-of-a-single-varta-energy-aa-battery-on-a-white-background.-6015271-2048x1365.jpg\",\"datePublished\":\"2024-12-30T06:31:12+00:00\",\"dateModified\":\"2024-12-30T06:39:32+00:00\",\"description\":\"Solar Energy Storage Batteries, Electric Vehicle Power Batteries, 15 Years Experience, Motive power batteries\",\"breadcrumb\":{\"@id\":\"https:\\\/\\\/yibaienergy-china.com\\\/privacy-policy\\\/#breadcrumb\"},\"inLanguage\":\"hu\",\"potentialAction\":[{\"@type\":\"ReadAction\",\"target\":[\"https:\\\/\\\/yibaienergy-china.com\\\/privacy-policy\\\/\"]}]},{\"@type\":\"ImageObject\",\"inLanguage\":\"hu\",\"@id\":\"https:\\\/\\\/yibaienergy-china.com\\\/privacy-policy\\\/#primaryimage\",\"url\":\"https:\\\/\\\/yibaienergy-china.com\\\/wp-content\\\/uploads\\\/2024\\\/12\\\/detailed-close-up-of-a-single-varta-energy-aa-battery-on-a-white-background.-6015271-2048x1365.jpg\",\"contentUrl\":\"https:\\\/\\\/yibaienergy-china.com\\\/wp-content\\\/uploads\\\/2024\\\/12\\\/detailed-close-up-of-a-single-varta-energy-aa-battery-on-a-white-background.-6015271-2048x1365.jpg\",\"width\":2048,\"height\":1365,\"caption\":\"Privacy Policy\"},{\"@type\":\"BreadcrumbList\",\"@id\":\"https:\\\/\\\/yibaienergy-china.com\\\/privacy-policy\\\/#breadcrumb\",\"itemListElement\":[{\"@type\":\"ListItem\",\"position\":1,\"name\":\"Home\",\"item\":\"https:\\\/\\\/yibaienergy-china.com\\\/\"},{\"@type\":\"ListItem\",\"position\":2,\"name\":\"Privacy Policy\"}]},{\"@type\":\"WebSite\",\"@id\":\"https:\\\/\\\/yibaienergy-china.com\\\/#website\",\"url\":\"https:\\\/\\\/yibaienergy-china.com\\\/\",\"name\":\"Lithium Battery Manufacturer\",\"description\":\"Professional Lithium Battery Manufacturer\",\"publisher\":{\"@id\":\"https:\\\/\\\/yibaienergy-china.com\\\/#organization\"},\"alternateName\":\"Lithium Battery Factory\",\"potentialAction\":[{\"@type\":\"SearchAction\",\"target\":{\"@type\":\"EntryPoint\",\"urlTemplate\":\"https:\\\/\\\/yibaienergy-china.com\\\/?s={search_term_string}\"},\"query-input\":{\"@type\":\"PropertyValueSpecification\",\"valueRequired\":true,\"valueName\":\"search_term_string\"}}],\"inLanguage\":\"hu\"},{\"@type\":\"Organization\",\"@id\":\"https:\\\/\\\/yibaienergy-china.com\\\/#organization\",\"name\":\"Lithium Battery Manufacturer\",\"alternateName\":\"Custom Lithium Battery Pack Manufacturer\",\"url\":\"https:\\\/\\\/yibaienergy-china.com\\\/\",\"logo\":{\"@type\":\"ImageObject\",\"inLanguage\":\"hu\",\"@id\":\"https:\\\/\\\/yibaienergy-china.com\\\/#\\\/schema\\\/logo\\\/image\\\/\",\"url\":\"https:\\\/\\\/yibaienergy-china.com\\\/wp-content\\\/uploads\\\/2024\\\/12\\\/cropped-Yibai-solar-energy-2.png\",\"contentUrl\":\"https:\\\/\\\/yibaienergy-china.com\\\/wp-content\\\/uploads\\\/2024\\\/12\\\/cropped-Yibai-solar-energy-2.png\",\"width\":234,\"height\":228,\"caption\":\"Lithium Battery Manufacturer\"},\"image\":{\"@id\":\"https:\\\/\\\/yibaienergy-china.com\\\/#\\\/schema\\\/logo\\\/image\\\/\"}}]}<\/script>\n<!-- \/ Yoast SEO plugin. -->","yoast_head_json":{"title":"Privacy Policy - Lithium Battery Manufacturer","description":"Solar Energy Storage Batteries, Electric Vehicle Power Batteries, 15 Years Experience, Motive power batteries","robots":{"index":"index","follow":"follow","max-snippet":"max-snippet:-1","max-image-preview":"max-image-preview:large","max-video-preview":"max-video-preview:-1"},"canonical":"https:\/\/yibaienergy-china.com\/hu\/privacy-policy\/","og_locale":"hu_HU","og_type":"article","og_title":"Privacy Policy - Lithium Battery Manufacturer","og_description":"Solar Energy Storage Batteries, Electric Vehicle Power Batteries, 15 Years Experience, Motive power batteries","og_url":"https:\/\/yibaienergy-china.com\/hu\/privacy-policy\/","og_site_name":"Lithium Battery Manufacturer","article_modified_time":"2024-12-30T06:39:32+00:00","og_image":[{"width":2048,"height":1365,"url":"https:\/\/yibaienergy-china.com\/wp-content\/uploads\/2024\/12\/detailed-close-up-of-a-single-varta-energy-aa-battery-on-a-white-background.-6015271-2048x1365.jpg","type":"image\/jpeg"}],"twitter_card":"summary_large_image","schema":{"@context":"https:\/\/schema.org","@graph":[{"@type":"WebPage","@id":"https:\/\/yibaienergy-china.com\/privacy-policy\/","url":"https:\/\/yibaienergy-china.com\/privacy-policy\/","name":"Privacy Policy - Lithium Battery Manufacturer","isPartOf":{"@id":"https:\/\/yibaienergy-china.com\/#website"},"primaryImageOfPage":{"@id":"https:\/\/yibaienergy-china.com\/privacy-policy\/#primaryimage"},"image":{"@id":"https:\/\/yibaienergy-china.com\/privacy-policy\/#primaryimage"},"thumbnailUrl":"https:\/\/yibaienergy-china.com\/wp-content\/uploads\/2024\/12\/detailed-close-up-of-a-single-varta-energy-aa-battery-on-a-white-background.-6015271-2048x1365.jpg","datePublished":"2024-12-30T06:31:12+00:00","dateModified":"2024-12-30T06:39:32+00:00","description":"Solar Energy Storage Batteries, Electric Vehicle Power Batteries, 15 Years Experience, Motive power batteries","breadcrumb":{"@id":"https:\/\/yibaienergy-china.com\/privacy-policy\/#breadcrumb"},"inLanguage":"hu","potentialAction":[{"@type":"ReadAction","target":["https:\/\/yibaienergy-china.com\/privacy-policy\/"]}]},{"@type":"ImageObject","inLanguage":"hu","@id":"https:\/\/yibaienergy-china.com\/privacy-policy\/#primaryimage","url":"https:\/\/yibaienergy-china.com\/wp-content\/uploads\/2024\/12\/detailed-close-up-of-a-single-varta-energy-aa-battery-on-a-white-background.-6015271-2048x1365.jpg","contentUrl":"https:\/\/yibaienergy-china.com\/wp-content\/uploads\/2024\/12\/detailed-close-up-of-a-single-varta-energy-aa-battery-on-a-white-background.-6015271-2048x1365.jpg","width":2048,"height":1365,"caption":"Privacy Policy"},{"@type":"BreadcrumbList","@id":"https:\/\/yibaienergy-china.com\/privacy-policy\/#breadcrumb","itemListElement":[{"@type":"ListItem","position":1,"name":"Home","item":"https:\/\/yibaienergy-china.com\/"},{"@type":"ListItem","position":2,"name":"Privacy Policy"}]},{"@type":"WebSite","@id":"https:\/\/yibaienergy-china.com\/#website","url":"https:\/\/yibaienergy-china.com\/","name":"L\u00edtium akkumul\u00e1tor gy\u00e1rt\u00f3ja","description":"Professzion\u00e1lis l\u00edtium akkumul\u00e1tor gy\u00e1rt\u00f3","publisher":{"@id":"https:\/\/yibaienergy-china.com\/#organization"},"alternateName":"Lithium Battery Factory","potentialAction":[{"@type":"SearchAction","target":{"@type":"EntryPoint","urlTemplate":"https:\/\/yibaienergy-china.com\/?s={search_term_string}"},"query-input":{"@type":"PropertyValueSpecification","valueRequired":true,"valueName":"search_term_string"}}],"inLanguage":"hu"},{"@type":"Organization","@id":"https:\/\/yibaienergy-china.com\/#organization","name":"L\u00edtium akkumul\u00e1tor gy\u00e1rt\u00f3ja","alternateName":"Custom Lithium Battery Pack Manufacturer","url":"https:\/\/yibaienergy-china.com\/","logo":{"@type":"ImageObject","inLanguage":"hu","@id":"https:\/\/yibaienergy-china.com\/#\/schema\/logo\/image\/","url":"https:\/\/yibaienergy-china.com\/wp-content\/uploads\/2024\/12\/cropped-Yibai-solar-energy-2.png","contentUrl":"https:\/\/yibaienergy-china.com\/wp-content\/uploads\/2024\/12\/cropped-Yibai-solar-energy-2.png","width":234,"height":228,"caption":"Lithium Battery Manufacturer"},"image":{"@id":"https:\/\/yibaienergy-china.com\/#\/schema\/logo\/image\/"}}]}},"_links":{"self":[{"href":"https:\/\/yibaienergy-china.com\/hu\/wp-json\/wp\/v2\/pages\/2529","targetHints":{"allow":["GET"]}}],"collection":[{"href":"https:\/\/yibaienergy-china.com\/hu\/wp-json\/wp\/v2\/pages"}],"about":[{"href":"https:\/\/yibaienergy-china.com\/hu\/wp-json\/wp\/v2\/types\/page"}],"author":[{"embeddable":true,"href":"https:\/\/yibaienergy-china.com\/hu\/wp-json\/wp\/v2\/users\/1"}],"replies":[{"embeddable":true,"href":"https:\/\/yibaienergy-china.com\/hu\/wp-json\/wp\/v2\/comments?post=2529"}],"version-history":[{"count":0,"href":"https:\/\/yibaienergy-china.com\/hu\/wp-json\/wp\/v2\/pages\/2529\/revisions"}],"wp:featuredmedia":[{"embeddable":true,"href":"https:\/\/yibaienergy-china.com\/hu\/wp-json\/wp\/v2\/media\/1619"}],"wp:attachment":[{"href":"https:\/\/yibaienergy-china.com\/hu\/wp-json\/wp\/v2\/media?parent=2529"}],"curies":[{"name":"wp","href":"https:\/\/api.w.org\/{rel}","templated":true}]}}