{"id":2513,"date":"2024-12-30T06:08:40","date_gmt":"2024-12-30T06:08:40","guid":{"rendered":"https:\/\/yibaienergy-china.com\/?page_id=2513"},"modified":"2024-12-30T06:41:41","modified_gmt":"2024-12-30T06:41:41","slug":"garancia","status":"publish","type":"page","link":"https:\/\/yibaienergy-china.com\/hu\/garancia\/","title":{"rendered":"Garancia"},"content":{"rendered":"<div data-elementor-type=\"wp-post\" data-elementor-id=\"2513\" class=\"elementor elementor-2513\" data-elementor-post-type=\"page\">\n\t\t\t\t<div class=\"elementor-element elementor-element-564ceda e-flex e-con-boxed e-con e-parent\" data-id=\"564ceda\" data-element_type=\"container\" data-e-type=\"container\" data-settings=\"{&quot;background_background&quot;:&quot;classic&quot;}\">\n\t\t\t\t\t<div class=\"e-con-inner\">\n\t\t<div class=\"elementor-element elementor-element-b7201f1 e-con-full e-flex e-con e-child\" data-id=\"b7201f1\" data-element_type=\"container\" data-e-type=\"container\">\n\t\t\t\t<div class=\"elementor-element elementor-element-a3b2fe8 elementor-widget elementor-widget-heading\" data-id=\"a3b2fe8\" data-element_type=\"widget\" data-e-type=\"widget\" data-widget_type=\"heading.default\">\n\t\t\t\t\t<h1 class=\"elementor-heading-title elementor-size-default\">Garancia<\/h1>\t\t\t\t<\/div>\n\t\t\t\t<\/div>\n\t\t\t\t\t<\/div>\n\t\t\t\t<\/div>\n\t\t<div class=\"elementor-element elementor-element-67b07c2 e-flex e-con-boxed e-con e-parent\" data-id=\"67b07c2\" data-element_type=\"container\" data-e-type=\"container\" data-settings=\"{&quot;background_background&quot;:&quot;classic&quot;}\">\n\t\t\t\t\t<div class=\"e-con-inner\">\n\t\t<div class=\"elementor-element elementor-element-9b85b56 e-con-full e-flex e-con e-child\" data-id=\"9b85b56\" data-element_type=\"container\" data-e-type=\"container\">\n\t\t\t\t<div class=\"elementor-element elementor-element-b505b61 elementor-widget elementor-widget-text-editor\" data-id=\"b505b61\" data-element_type=\"widget\" data-e-type=\"widget\" data-widget_type=\"text-editor.default\">\n\t\t\t\t\t\t\t\t\t<p>Garanci\u00e1t v\u00e1llalunk a l\u00edtium-ion akkumul\u00e1torokra, b\u00fcszk\u00e9k vagyunk a kiv\u00e1l\u00f3 min\u0151s\u00e9g\u0171, egyedi akkumul\u00e1torok tervez\u00e9s\u00e9re \u00e9s gy\u00e1rt\u00e1s\u00e1ra minden m\u00e9ret\u0171 \u00e9s funkci\u00f3j\u00fa k\u00e9sz\u00fcl\u00e9khez. V\u00e1llalkoz\u00e1sunk c\u00e9lja azonban ezen t\u00falmutat. K\u00fcldet\u00e9s\u00fcnk, hogy kiv\u00e1l\u00f3 min\u0151s\u00e9g\u0171 akkumul\u00e1torainkkal \u00e9s erk\u00f6lcs\u00f6s cselekedeteinkkel energi\u00e1t adjunk a term\u00e9keknek, az embereknek \u00e9s a bolyg\u00f3nak.<\/p><p>Annak \u00e9rdek\u00e9ben, hogy biztos\u00edtsuk a term\u00e9k\u00fcnkbe vetett bizalm\u00e1t, gondtalan garanci\u00e1t k\u00edn\u00e1lunk, \u00e9s egy helyi \u00e9s n\u00e9gy nemzetk\u00f6zi helysz\u00ednen m\u0171k\u00f6d\u0151 \u00fcgyf\u00e9lszolg\u00e1lati csapatunk seg\u00edts\u00e9get ny\u00fajt, ha b\u00e1rmilyen probl\u00e9ma mer\u00fclne fel az akkumul\u00e1tor-megold\u00e1sainkkal kapcsolatban. Rem\u00e9lj\u00fck, hogy ez a l\u00edtiumion akkumul\u00e1tor garancia megnyugtatja \u00d6nt, \u00e9s bizony\u00edtja elk\u00f6telezetts\u00e9g\u00fcnket a lehet\u0151 legjobb szolg\u00e1ltat\u00e1s ny\u00fajt\u00e1sa ir\u00e1nt.<\/p><p>A k\u00f6vetkez\u0151 garanci\u00e1kat k\u00edn\u00e1ljuk term\u00e9keire:<\/p><h5>L\u00edtium-ion akkumul\u00e1tor garancia \u00e9s akkumul\u00e1tort\u00f6lt\u0151k.<\/h5><p>A Yibai Energy (a \"garanciav\u00e1llal\u00f3\") \u00e1ltal gy\u00e1rtott term\u00e9kek garanci\u00e1t v\u00e1llal arra, hogy norm\u00e1l haszn\u00e1lat \u00e9s szervizel\u00e9s mellett nem tartalmaznak gy\u00e1rt\u00e1si \u00e9s anyaghib\u00e1kat. A garancia a sz\u00e1ll\u00edt\u00e1s napj\u00e1t\u00f3l hat\u00e1lyos, amikor az \u00e1ruk jog\u00e1t \u00e1truh\u00e1zz\u00e1k a v\u00e1s\u00e1rl\u00f3kra (a \"v\u00e1s\u00e1rl\u00f3\").<\/p><p>Ha b\u00e1rmely Yibai Energy term\u00e9k nem k\u00f6veti ezt a li ion akkumul\u00e1tor garancia, \u00e9s minden \u00e9s minden energiaveszt\u00e9s hat\u00e1rozza meg a garanciav\u00e1llal\u00f3 vagy jav\u00edtja vagy cser\u00e9lje ki a hib\u00e1s term\u00e9keket \u00faj term\u00e9kekkel a k\u00f6vetkez\u0151 \u00faj megrendel\u00e9sek.<\/p><h6>1. Standard korl\u00e1tozott j\u00f3t\u00e1ll\u00e1s<\/h6><p>A Yibai Energy (a \"garanciav\u00e1llal\u00f3\") \u00e1ltal gy\u00e1rtott, korl\u00e1tozott garanci\u00e1val rendelkez\u0151 term\u00e9kek garanci\u00e1t v\u00e1llalnak arra, hogy norm\u00e1l haszn\u00e1lat \u00e9s szervizel\u00e9s mellett nem tartalmaznak gy\u00e1rt\u00e1si \u00e9s anyaghib\u00e1kat. A garancia a sz\u00e1ll\u00edt\u00e1s napj\u00e1t\u00f3l hat\u00e1lyos, amikor az \u00e1ruk jog\u00e1t \u00e1truh\u00e1zz\u00e1k a v\u00e1s\u00e1rl\u00f3kra (a \"v\u00e1s\u00e1rl\u00f3\"). Ez a korl\u00e1tozott j\u00f3t\u00e1ll\u00e1s az anyag- vagy kivitelez\u00e9si \u00e9s teljes\u00edtm\u00e9nybeli l\u00e9nyeges hib\u00e1kra terjed ki, \u00e9s a korl\u00e1tozott j\u00f3t\u00e1ll\u00e1s ir\u00e1nyelveit k\u00f6veti.<\/p><p>0-18 h\u00f3napig Ingyenes.<\/p><h6>2. Kiterjesztett garancia<\/h6><p>Ez a kiterjesztett garancia egy meghosszabb\u00edtott garancia, amelyet a Yibai Energy \u00e9rt\u00e9kes \u00fcgyfelei sz\u00e1m\u00e1ra k\u00edn\u00e1lunk a szok\u00e1sos korl\u00e1tozott garanci\u00e1n fel\u00fcl.<\/p><p>0-24 h\u00f3napok Ingyenes<\/p><h6>3. Az akkumul\u00e1torokra vonatkoz\u00f3 kiz\u00e1r\u00e1sok \u00e9s korl\u00e1toz\u00e1sok<\/h6><p>A garanciav\u00e1llal\u00f3nak az akkumul\u00e1torrendszer tervez\u00e9s\u00e9ben val\u00f3 r\u00e9szv\u00e9tele \u00e9s a garanciav\u00e1llal\u00f3 kifejezett \u00edr\u00e1sbeli enged\u00e9lye n\u00e9lk\u00fcl az akkumul\u00e1tor nem haszn\u00e1lhat\u00f3 m\u00e1s alkalmaz\u00e1sokban, illetve nem haszn\u00e1lhat\u00f3 olyan helyen, ahol a meghib\u00e1sod\u00e1s s\u00e9r\u00fcl\u00e9shez vagy \u00e9letvesz\u00e9lyhez, illetve katasztrof\u00e1lis anyagi k\u00e1rhoz vezethet. A t\u00f6rv\u00e9ny \u00e1ltal megengedett m\u00e9rt\u00e9kben a Garanciav\u00e1llal\u00f3 kiz\u00e1r minden, az ilyen felhaszn\u00e1l\u00e1sb\u00f3l ered\u0151 felel\u0151ss\u00e9get. A Garanciaad\u00f3 fenntartja tov\u00e1bb\u00e1 a jogot, hogy megtagadja az ilyen c\u00e9lokra haszn\u00e1lt akkumul\u00e1torok szervizel\u00e9s\u00e9t, \u00e9s kiz\u00e1r minden, a Garanciaad\u00f3 szervizel\u00e9s\u00e9nek megtagad\u00e1s\u00e1b\u00f3l ered\u0151 felel\u0151ss\u00e9get.<\/p><p>A garancia nem terjed ki az olyan meghib\u00e1sod\u00e1sokra \u00e9s k\u00e1rokra, amelyek az extr\u00e9m es\u00e9s, a helytelen telep\u00edt\u00e9s \u00e9s t\u00e1rol\u00e1s, az inkompatibilis akkumul\u00e1tort\u00f6lt\u0151, a nem megfelel\u0151 karbantart\u00e1s, a helytelen sz\u00e1ll\u00edt\u00e1s, a jogosulatlan tesztel\u00e9s \u00e9s jav\u00edt\u00e1s, a m\u00f3dos\u00edt\u00e1sok, \u00e1talak\u00edt\u00e1sok \u00e9s kieg\u00e9sz\u00edt\u00e9sek sz\u00e1nd\u00e9kos vagy v\u00e9letlenszer\u0171 helytelen haszn\u00e1lat, vissza\u00e9l\u00e9s \u00e9s gondatlans\u00e1g k\u00f6vetkezt\u00e9ben keletkeznek, vesz\u00e9lyes anyagokkal, sug\u00e1rz\u00e1ssal val\u00f3 szennyez\u00e9s, \u00e9s v\u00edz (kiv\u00e9ve, ha a garanciav\u00e1llal\u00f3 m\u00e1sk\u00e9nt nem jelzi, hogy v\u00edz\u00e1ll\u00f3) szokatlan elektromos ig\u00e9nybev\u00e9tel, bele\u00e9rtve a t\u00falfesz\u00fclts\u00e9get, a szab\u00e1lyozatlan fesz\u00fclts\u00e9get \u00e9s \u00e1ramot, a t\u00falzott vagy hi\u00e1nyos energiaell\u00e1t\u00e1st, a rendszerharmonikusokat \u00e9s a vil\u00e1g\u00edt\u00e1st, a sz\u00e9ls\u0151s\u00e9gesen meleg vagy hideg h\u0151m\u00e9rs\u00e9kletnek val\u00f3 kitetts\u00e9get, valamint vis maior, bele\u00e9rtve a t\u00fczeket, \u00e1rvizeket, f\u00f6ldreng\u00e9seket, hurrik\u00e1nokat, s\u00falyos id\u0151j\u00e1r\u00e1si viszonyokat, h\u00e1bor\u00fakat \u00e9s terrorcselekm\u00e9nyeket.<\/p><p>Tov\u00e1bbi egy\u00e9rtelm\u0171s\u00e9g, a garancia a k\u00f6vetkez\u0151 esetben \u00e9rv\u00e9ny\u00e9t veszti:<\/p><ul><li>Az akkumul\u00e1tor a specifik\u00e1ci\u00f3ban vagy az adatlapon meghat\u00e1rozott h\u0151m\u00e9rs\u00e9kleti tartom\u00e1nyon k\u00edv\u00fcl m\u0171k\u00f6dik.<\/li><li>Az akkumul\u00e1torcsomagok Yibai enged\u00e9lye n\u00e9lk\u00fcl helytelen soros \u00e9s\/vagy p\u00e1rhuzamos konfigur\u00e1ci\u00f3val vannak be\u00e1ll\u00edtva.<\/li><li>Az akkumul\u00e1tort nem kompatibilis t\u00f6lt\u0151vel t\u00f6ltik.<\/li><li>Az akkumul\u00e1tor hosszabb id\u0151 ut\u00e1n fel\u00fcgyelet n\u00e9lk\u00fcl marad, miut\u00e1n az energia elhaszn\u00e1l\u00f3dott.<\/li><li>Az akkumul\u00e1tort nem a specifik\u00e1ci\u00f3ban meghat\u00e1rozott k\u00f6vetelm\u00e9nyeknek megfelel\u0151en karbantartj\u00e1k vagy t\u00e1rolj\u00e1k.<\/li><li>Az akkumul\u00e1tort a garanciav\u00e1llal\u00f3 kifejezett \u00edr\u00e1sbeli enged\u00e9lye n\u00e9lk\u00fcl sz\u00e9tszerelik, m\u00f3dos\u00edtj\u00e1k vagy jav\u00edtj\u00e1k.<\/li><li>Az akkumul\u00e1tort a v\u00edzbe helyezz\u00fck.<\/li><li>Az akkumul\u00e1tort t\u0171zbe teszik vagy felmeleg\u00edtik.<\/li><\/ul><p>Ha a Garanciav\u00e1llal\u00f3 meg\u00e1llap\u00edtja, hogy a term\u00e9k(ek) probl\u00e9m\u00e1ja nem a Garanciav\u00e1llal\u00f3 kivitelez\u00e9si vagy anyaghib\u00e1j\u00e1b\u00f3l ad\u00f3dik, vagy egy\u00e9bk\u00e9nt nem felel meg a garanci\u00e1lis jav\u00edt\u00e1s felt\u00e9teleinek, akkor a Vev\u0151 viseli a Garanciav\u00e1llal\u00f3nak a term\u00e9k(ek) jav\u00edt\u00e1s\u00e1hoz, cser\u00e9j\u00e9hez \u00e9s sz\u00e1ll\u00edt\u00e1s\u00e1hoz sz\u00fcks\u00e9ges \u00f6sszes k\u00f6lts\u00e9g\u00e9t.<\/p><h5>4. Korl\u00e1tozott j\u00f3t\u00e1ll\u00e1si folyamat<\/h5><p>Ha hib\u00e1s term\u00e9kkel tal\u00e1lkozik, k\u00e9rj\u00fck, l\u00e9pjen kapcsolatba a tan\u00e1csad\u00f3val. A tan\u00e1csad\u00f3 eligaz\u00edtja \u00d6nt az \u00e9rt\u00e9kes\u00edt\u00e9s ut\u00e1ni szolg\u00e1ltat\u00e1s ig\u00e9nybev\u00e9tel\u00e9nek m\u00f3dj\u00e1r\u00f3l.<\/p><h6>Szeretj\u00fck hallani \u00e9s t\u00e1mogatni \u00fcgyfeleinket<\/h6><p>Professzion\u00e1lis m\u0171szaki csapatunk t\u00e1mogatja \u00d6nt a megfelel\u0151 li-ion akkumul\u00e1toros megold\u00e1s kialak\u00edt\u00e1s\u00e1ban. A kapcsol\u00f3d\u00f3 t\u00e1mogat\u00e1si inform\u00e1ci\u00f3k az al\u00e1bbiakban tal\u00e1lhat\u00f3k:<\/p><p>E-mail:<a href=\"mailto:info@yibaienergy-china.com\" target=\"_blank\" rel=\"noopener\">info@yibaienergy-china.com<\/a><\/p><p>Mobil: +86 177 7381 1180<\/p><p>Weboldal:<a href=\"https:\/\/yibaienergy-china.com\/contact\/\" target=\"_blank\" rel=\"noopener\">www.yibaienergy-china.com<\/a><\/p><p>K\u00f6sz\u00f6nj\u00fck, hogy a Yibai Energy Batteries-t v\u00e1lasztotta, \u00e9s v\u00e1rjuk, hogy t\u00e1mogathassuk energiaig\u00e9nyeit.<\/p>\t\t\t\t\t\t\t\t<\/div>\n\t\t\t\t<\/div>\n\t\t\t\t\t<\/div>\n\t\t\t\t<\/div>\n\t\t\t\t<\/div>","protected":false},"excerpt":{"rendered":"<p>Warranty We will provide a lithium ion battery warranty, we take great pride in designing and manufacturing high-quality custom battery packs for devices of all sizes and functions. However, our purpose as a company goes beyond this. We\u2019re on a mission to energize products, people, and the planet with our high-quality batteries and moral-driven actions. [&hellip;]<\/p>\n","protected":false},"author":1,"featured_media":1709,"parent":0,"menu_order":0,"comment_status":"closed","ping_status":"closed","template":"","meta":{"site-sidebar-layout":"no-sidebar","site-content-layout":"page-builder","ast-site-content-layout":"full-width-container","site-content-style":"unboxed","site-sidebar-style":"unboxed","ast-global-header-display":"","ast-banner-title-visibility":"","ast-main-header-display":"","ast-hfb-above-header-display":"","ast-hfb-below-header-display":"","ast-hfb-mobile-header-display":"","site-post-title":"disabled","ast-breadcrumbs-content":"","ast-featured-img":"disabled","footer-sml-layout":"","ast-disable-related-posts":"","theme-transparent-header-meta":"enabled","adv-header-id-meta":"","stick-header-meta":"","header-above-stick-meta":"","header-main-stick-meta":"","header-below-stick-meta":"","astra-migrate-meta-layouts":"set","ast-page-background-enabled":"default","ast-page-background-meta":{"desktop":{"background-color":"","background-image":"","background-repeat":"repeat","background-position":"center center","background-size":"auto","background-attachment":"scroll","background-type":"","background-media":"","overlay-type":"","overlay-color":"","overlay-opacity":"","overlay-gradient":""},"tablet":{"background-color":"","background-image":"","background-repeat":"repeat","background-position":"center center","background-size":"auto","background-attachment":"scroll","background-type":"","background-media":"","overlay-type":"","overlay-color":"","overlay-opacity":"","overlay-gradient":""},"mobile":{"background-color":"","background-image":"","background-repeat":"repeat","background-position":"center center","background-size":"auto","background-attachment":"scroll","background-type":"","background-media":"","overlay-type":"","overlay-color":"","overlay-opacity":"","overlay-gradient":""}},"ast-content-background-meta":{"desktop":{"background-color":"var(--ast-global-color-5)","background-image":"","background-repeat":"repeat","background-position":"center center","background-size":"auto","background-attachment":"scroll","background-type":"","background-media":"","overlay-type":"","overlay-color":"","overlay-opacity":"","overlay-gradient":""},"tablet":{"background-color":"var(--ast-global-color-5)","background-image":"","background-repeat":"repeat","background-position":"center center","background-size":"auto","background-attachment":"scroll","background-type":"","background-media":"","overlay-type":"","overlay-color":"","overlay-opacity":"","overlay-gradient":""},"mobile":{"background-color":"var(--ast-global-color-5)","background-image":"","background-repeat":"repeat","background-position":"center center","background-size":"auto","background-attachment":"scroll","background-type":"","background-media":"","overlay-type":"","overlay-color":"","overlay-opacity":"","overlay-gradient":""}},"footnotes":""},"class_list":["post-2513","page","type-page","status-publish","has-post-thumbnail","hentry"],"yoast_head":"<!-- This site is optimized with the Yoast SEO plugin v27.4 - https:\/\/yoast.com\/product\/yoast-seo-wordpress\/ -->\n<title>Warranty - Lithium Battery Manufacturer<\/title>\n<meta name=\"description\" content=\"Solar Energy Storage Batteries, Electric Vehicle Power Batteries, 15 Years Experience, 5 Years Warranty.\" \/>\n<meta name=\"robots\" content=\"index, follow, max-snippet:-1, max-image-preview:large, max-video-preview:-1\" \/>\n<link rel=\"canonical\" href=\"https:\/\/yibaienergy-china.com\/hu\/garancia\/\" \/>\n<meta property=\"og:locale\" content=\"hu_HU\" \/>\n<meta property=\"og:type\" content=\"article\" \/>\n<meta property=\"og:title\" content=\"Warranty - Lithium Battery Manufacturer\" \/>\n<meta property=\"og:description\" content=\"Solar Energy Storage Batteries, Electric Vehicle Power Batteries, 15 Years Experience, 5 Years Warranty.\" \/>\n<meta property=\"og:url\" content=\"https:\/\/yibaienergy-china.com\/hu\/garancia\/\" \/>\n<meta property=\"og:site_name\" content=\"Lithium Battery Manufacturer\" \/>\n<meta property=\"article:modified_time\" content=\"2024-12-30T06:41:41+00:00\" \/>\n<meta property=\"og:image\" content=\"https:\/\/yibaienergy-china.com\/wp-content\/uploads\/2024\/12\/OEM-Battery-Manufacturer-1.jpg\" \/>\n\t<meta property=\"og:image:width\" content=\"540\" \/>\n\t<meta property=\"og:image:height\" content=\"300\" \/>\n\t<meta property=\"og:image:type\" content=\"image\/jpeg\" \/>\n<meta name=\"twitter:card\" content=\"summary_large_image\" \/>\n<meta name=\"twitter:label1\" content=\"Becs\u00fclt olvas\u00e1si id\u0151\" \/>\n\t<meta name=\"twitter:data1\" content=\"4 perc\" \/>\n<script type=\"application\/ld+json\" class=\"yoast-schema-graph\">{\"@context\":\"https:\\\/\\\/schema.org\",\"@graph\":[{\"@type\":\"WebPage\",\"@id\":\"https:\\\/\\\/yibaienergy-china.com\\\/warranty\\\/\",\"url\":\"https:\\\/\\\/yibaienergy-china.com\\\/warranty\\\/\",\"name\":\"Warranty - Lithium Battery Manufacturer\",\"isPartOf\":{\"@id\":\"https:\\\/\\\/yibaienergy-china.com\\\/#website\"},\"primaryImageOfPage\":{\"@id\":\"https:\\\/\\\/yibaienergy-china.com\\\/warranty\\\/#primaryimage\"},\"image\":{\"@id\":\"https:\\\/\\\/yibaienergy-china.com\\\/warranty\\\/#primaryimage\"},\"thumbnailUrl\":\"https:\\\/\\\/yibaienergy-china.com\\\/wp-content\\\/uploads\\\/2024\\\/12\\\/OEM-Battery-Manufacturer-1.jpg\",\"datePublished\":\"2024-12-30T06:08:40+00:00\",\"dateModified\":\"2024-12-30T06:41:41+00:00\",\"description\":\"Solar Energy Storage Batteries, Electric Vehicle Power Batteries, 15 Years Experience, 5 Years Warranty.\",\"breadcrumb\":{\"@id\":\"https:\\\/\\\/yibaienergy-china.com\\\/warranty\\\/#breadcrumb\"},\"inLanguage\":\"hu\",\"potentialAction\":[{\"@type\":\"ReadAction\",\"target\":[\"https:\\\/\\\/yibaienergy-china.com\\\/warranty\\\/\"]}]},{\"@type\":\"ImageObject\",\"inLanguage\":\"hu\",\"@id\":\"https:\\\/\\\/yibaienergy-china.com\\\/warranty\\\/#primaryimage\",\"url\":\"https:\\\/\\\/yibaienergy-china.com\\\/wp-content\\\/uploads\\\/2024\\\/12\\\/OEM-Battery-Manufacturer-1.jpg\",\"contentUrl\":\"https:\\\/\\\/yibaienergy-china.com\\\/wp-content\\\/uploads\\\/2024\\\/12\\\/OEM-Battery-Manufacturer-1.jpg\",\"width\":540,\"height\":300,\"caption\":\"OEM Battery Manufacturer (1)\"},{\"@type\":\"BreadcrumbList\",\"@id\":\"https:\\\/\\\/yibaienergy-china.com\\\/warranty\\\/#breadcrumb\",\"itemListElement\":[{\"@type\":\"ListItem\",\"position\":1,\"name\":\"Home\",\"item\":\"https:\\\/\\\/yibaienergy-china.com\\\/\"},{\"@type\":\"ListItem\",\"position\":2,\"name\":\"Warranty\"}]},{\"@type\":\"WebSite\",\"@id\":\"https:\\\/\\\/yibaienergy-china.com\\\/#website\",\"url\":\"https:\\\/\\\/yibaienergy-china.com\\\/\",\"name\":\"Lithium Battery Manufacturer\",\"description\":\"Professional Lithium Battery Manufacturer\",\"publisher\":{\"@id\":\"https:\\\/\\\/yibaienergy-china.com\\\/#organization\"},\"alternateName\":\"Lithium Battery Factory\",\"potentialAction\":[{\"@type\":\"SearchAction\",\"target\":{\"@type\":\"EntryPoint\",\"urlTemplate\":\"https:\\\/\\\/yibaienergy-china.com\\\/?s={search_term_string}\"},\"query-input\":{\"@type\":\"PropertyValueSpecification\",\"valueRequired\":true,\"valueName\":\"search_term_string\"}}],\"inLanguage\":\"hu\"},{\"@type\":\"Organization\",\"@id\":\"https:\\\/\\\/yibaienergy-china.com\\\/#organization\",\"name\":\"Lithium Battery Manufacturer\",\"alternateName\":\"Custom Lithium Battery Pack Manufacturer\",\"url\":\"https:\\\/\\\/yibaienergy-china.com\\\/\",\"logo\":{\"@type\":\"ImageObject\",\"inLanguage\":\"hu\",\"@id\":\"https:\\\/\\\/yibaienergy-china.com\\\/#\\\/schema\\\/logo\\\/image\\\/\",\"url\":\"https:\\\/\\\/yibaienergy-china.com\\\/wp-content\\\/uploads\\\/2024\\\/12\\\/cropped-Yibai-solar-energy-2.png\",\"contentUrl\":\"https:\\\/\\\/yibaienergy-china.com\\\/wp-content\\\/uploads\\\/2024\\\/12\\\/cropped-Yibai-solar-energy-2.png\",\"width\":234,\"height\":228,\"caption\":\"Lithium Battery Manufacturer\"},\"image\":{\"@id\":\"https:\\\/\\\/yibaienergy-china.com\\\/#\\\/schema\\\/logo\\\/image\\\/\"}}]}<\/script>\n<!-- \/ Yoast SEO plugin. -->","yoast_head_json":{"title":"Garancia - L\u00edtium akkumul\u00e1tor gy\u00e1rt\u00f3","description":"Napenergia-t\u00e1rol\u00f3 akkumul\u00e1torok, elektromos j\u00e1rm\u0171 akkumul\u00e1torok, 15 \u00e9v tapasztalat, 5 \u00e9v garancia.","robots":{"index":"index","follow":"follow","max-snippet":"max-snippet:-1","max-image-preview":"max-image-preview:large","max-video-preview":"max-video-preview:-1"},"canonical":"https:\/\/yibaienergy-china.com\/hu\/garancia\/","og_locale":"hu_HU","og_type":"article","og_title":"Warranty - Lithium Battery Manufacturer","og_description":"Solar Energy Storage Batteries, Electric Vehicle Power Batteries, 15 Years Experience, 5 Years Warranty.","og_url":"https:\/\/yibaienergy-china.com\/hu\/garancia\/","og_site_name":"Lithium Battery Manufacturer","article_modified_time":"2024-12-30T06:41:41+00:00","og_image":[{"width":540,"height":300,"url":"https:\/\/yibaienergy-china.com\/wp-content\/uploads\/2024\/12\/OEM-Battery-Manufacturer-1.jpg","type":"image\/jpeg"}],"twitter_card":"summary_large_image","twitter_misc":{"Becs\u00fclt olvas\u00e1si id\u0151":"4 perc"},"schema":{"@context":"https:\/\/schema.org","@graph":[{"@type":"WebPage","@id":"https:\/\/yibaienergy-china.com\/warranty\/","url":"https:\/\/yibaienergy-china.com\/warranty\/","name":"Garancia - L\u00edtium akkumul\u00e1tor gy\u00e1rt\u00f3","isPartOf":{"@id":"https:\/\/yibaienergy-china.com\/#website"},"primaryImageOfPage":{"@id":"https:\/\/yibaienergy-china.com\/warranty\/#primaryimage"},"image":{"@id":"https:\/\/yibaienergy-china.com\/warranty\/#primaryimage"},"thumbnailUrl":"https:\/\/yibaienergy-china.com\/wp-content\/uploads\/2024\/12\/OEM-Battery-Manufacturer-1.jpg","datePublished":"2024-12-30T06:08:40+00:00","dateModified":"2024-12-30T06:41:41+00:00","description":"Napenergia-t\u00e1rol\u00f3 akkumul\u00e1torok, elektromos j\u00e1rm\u0171 akkumul\u00e1torok, 15 \u00e9v tapasztalat, 5 \u00e9v garancia.","breadcrumb":{"@id":"https:\/\/yibaienergy-china.com\/warranty\/#breadcrumb"},"inLanguage":"hu","potentialAction":[{"@type":"ReadAction","target":["https:\/\/yibaienergy-china.com\/warranty\/"]}]},{"@type":"ImageObject","inLanguage":"hu","@id":"https:\/\/yibaienergy-china.com\/warranty\/#primaryimage","url":"https:\/\/yibaienergy-china.com\/wp-content\/uploads\/2024\/12\/OEM-Battery-Manufacturer-1.jpg","contentUrl":"https:\/\/yibaienergy-china.com\/wp-content\/uploads\/2024\/12\/OEM-Battery-Manufacturer-1.jpg","width":540,"height":300,"caption":"OEM Battery Manufacturer (1)"},{"@type":"BreadcrumbList","@id":"https:\/\/yibaienergy-china.com\/warranty\/#breadcrumb","itemListElement":[{"@type":"ListItem","position":1,"name":"Home","item":"https:\/\/yibaienergy-china.com\/"},{"@type":"ListItem","position":2,"name":"Warranty"}]},{"@type":"WebSite","@id":"https:\/\/yibaienergy-china.com\/#website","url":"https:\/\/yibaienergy-china.com\/","name":"L\u00edtium akkumul\u00e1tor gy\u00e1rt\u00f3ja","description":"Professzion\u00e1lis l\u00edtium akkumul\u00e1tor gy\u00e1rt\u00f3","publisher":{"@id":"https:\/\/yibaienergy-china.com\/#organization"},"alternateName":"Lithium Battery Factory","potentialAction":[{"@type":"SearchAction","target":{"@type":"EntryPoint","urlTemplate":"https:\/\/yibaienergy-china.com\/?s={search_term_string}"},"query-input":{"@type":"PropertyValueSpecification","valueRequired":true,"valueName":"search_term_string"}}],"inLanguage":"hu"},{"@type":"Organization","@id":"https:\/\/yibaienergy-china.com\/#organization","name":"L\u00edtium akkumul\u00e1tor gy\u00e1rt\u00f3ja","alternateName":"Custom Lithium Battery Pack Manufacturer","url":"https:\/\/yibaienergy-china.com\/","logo":{"@type":"ImageObject","inLanguage":"hu","@id":"https:\/\/yibaienergy-china.com\/#\/schema\/logo\/image\/","url":"https:\/\/yibaienergy-china.com\/wp-content\/uploads\/2024\/12\/cropped-Yibai-solar-energy-2.png","contentUrl":"https:\/\/yibaienergy-china.com\/wp-content\/uploads\/2024\/12\/cropped-Yibai-solar-energy-2.png","width":234,"height":228,"caption":"Lithium Battery Manufacturer"},"image":{"@id":"https:\/\/yibaienergy-china.com\/#\/schema\/logo\/image\/"}}]}},"_links":{"self":[{"href":"https:\/\/yibaienergy-china.com\/hu\/wp-json\/wp\/v2\/pages\/2513","targetHints":{"allow":["GET"]}}],"collection":[{"href":"https:\/\/yibaienergy-china.com\/hu\/wp-json\/wp\/v2\/pages"}],"about":[{"href":"https:\/\/yibaienergy-china.com\/hu\/wp-json\/wp\/v2\/types\/page"}],"author":[{"embeddable":true,"href":"https:\/\/yibaienergy-china.com\/hu\/wp-json\/wp\/v2\/users\/1"}],"replies":[{"embeddable":true,"href":"https:\/\/yibaienergy-china.com\/hu\/wp-json\/wp\/v2\/comments?post=2513"}],"version-history":[{"count":0,"href":"https:\/\/yibaienergy-china.com\/hu\/wp-json\/wp\/v2\/pages\/2513\/revisions"}],"wp:featuredmedia":[{"embeddable":true,"href":"https:\/\/yibaienergy-china.com\/hu\/wp-json\/wp\/v2\/media\/1709"}],"wp:attachment":[{"href":"https:\/\/yibaienergy-china.com\/hu\/wp-json\/wp\/v2\/media?parent=2513"}],"curies":[{"name":"wp","href":"https:\/\/api.w.org\/{rel}","templated":true}]}}