{"id":2513,"date":"2024-12-30T06:08:40","date_gmt":"2024-12-30T06:08:40","guid":{"rendered":"https:\/\/yibaienergy-china.com\/?page_id=2513"},"modified":"2024-12-30T06:41:41","modified_gmt":"2024-12-30T06:41:41","slug":"garantie","status":"publish","type":"page","link":"https:\/\/yibaienergy-china.com\/fr\/garantie\/","title":{"rendered":"Garantie"},"content":{"rendered":"<div data-elementor-type=\"wp-post\" data-elementor-id=\"2513\" class=\"elementor elementor-2513\" data-elementor-post-type=\"page\">\n\t\t\t\t<div class=\"elementor-element elementor-element-564ceda e-flex e-con-boxed e-con e-parent\" data-id=\"564ceda\" data-element_type=\"container\" data-e-type=\"container\" data-settings=\"{&quot;background_background&quot;:&quot;classic&quot;}\">\n\t\t\t\t\t<div class=\"e-con-inner\">\n\t\t<div class=\"elementor-element elementor-element-b7201f1 e-con-full e-flex e-con e-child\" data-id=\"b7201f1\" data-element_type=\"container\" data-e-type=\"container\">\n\t\t\t\t<div class=\"elementor-element elementor-element-a3b2fe8 elementor-widget elementor-widget-heading\" data-id=\"a3b2fe8\" data-element_type=\"widget\" data-e-type=\"widget\" data-widget_type=\"heading.default\">\n\t\t\t\t\t<h1 class=\"elementor-heading-title elementor-size-default\">Garantie<\/h1>\t\t\t\t<\/div>\n\t\t\t\t<\/div>\n\t\t\t\t\t<\/div>\n\t\t\t\t<\/div>\n\t\t<div class=\"elementor-element elementor-element-67b07c2 e-flex e-con-boxed e-con e-parent\" data-id=\"67b07c2\" data-element_type=\"container\" data-e-type=\"container\" data-settings=\"{&quot;background_background&quot;:&quot;classic&quot;}\">\n\t\t\t\t\t<div class=\"e-con-inner\">\n\t\t<div class=\"elementor-element elementor-element-9b85b56 e-con-full e-flex e-con e-child\" data-id=\"9b85b56\" data-element_type=\"container\" data-e-type=\"container\">\n\t\t\t\t<div class=\"elementor-element elementor-element-b505b61 elementor-widget elementor-widget-text-editor\" data-id=\"b505b61\" data-element_type=\"widget\" data-e-type=\"widget\" data-widget_type=\"text-editor.default\">\n\t\t\t\t\t\t\t\t\t<p>Nous fournissons une garantie sur les batteries lithium-ion. Nous sommes tr\u00e8s fiers de concevoir et de fabriquer des batteries personnalis\u00e9es de haute qualit\u00e9 pour des appareils de toutes tailles et de toutes fonctions. Cependant, notre objectif en tant qu'entreprise va plus loin. Nous avons pour mission de dynamiser les produits, les personnes et la plan\u00e8te gr\u00e2ce \u00e0 nos batteries de haute qualit\u00e9 et \u00e0 nos actions morales.<\/p><p>Pour que vous puissiez avoir confiance en notre produit, nous offrons une garantie sans souci et disposons d'une \u00e9quipe de service \u00e0 la client\u00e8le localis\u00e9e localement et dans quatre pays pour fournir une assistance en cas de probl\u00e8me avec nos solutions de batteries. Nous esp\u00e9rons que cette garantie sur les batteries lithium-ion vous apportera la tranquillit\u00e9 d'esprit et d\u00e9montrera notre engagement \u00e0 fournir le meilleur service possible.<\/p><p>Nous offrons les garanties suivantes pour vos produits :<\/p><h5>Garantie des batteries au lithium-ion et chargeurs de batterie.<\/h5><p>Les produits fabriqu\u00e9s par Yibai Energy (le \" garant \") sont garantis contre les d\u00e9fauts de fabrication et de mat\u00e9riaux dans des conditions normales d'utilisation et d'entretien. La garantie est en vigueur \u00e0 partir de la date d'exp\u00e9dition, lorsque le droit de propri\u00e9t\u00e9 est transf\u00e9r\u00e9 au client (l'\"acheteur\").<\/p><p>Si un produit Yibai Energy ne respecte pas cette garantie sur les batteries li ion et que toute perte de puissance est d\u00e9termin\u00e9e par le garant, celui-ci r\u00e9parera ou remplacera les produits d\u00e9fectueux par de nouveaux produits lors de la prochaine commande.<\/p><h6>1. Garantie limit\u00e9e standard<\/h6><p>Les produits sous garantie limit\u00e9e fabriqu\u00e9s par Yibai Energy (le \"garant\") sont garantis contre les d\u00e9fauts de fabrication et de mat\u00e9riaux dans des conditions normales d'utilisation et d'entretien. La garantie prend effet \u00e0 compter de la date d'exp\u00e9dition, lorsque le droit de propri\u00e9t\u00e9 est transf\u00e9r\u00e9 au client (l'\"acheteur\"). Cette garantie limit\u00e9e couvre les d\u00e9fauts substantiels de mat\u00e9riaux ou de fabrication et de performance et suit les directives de la garantie limit\u00e9e.<\/p><p>0-18 mois sans frais.<\/p><h6>2. Extension de garantie<\/h6><p>Cette extension de garantie est une garantie prolong\u00e9e offerte aux clients de Yibai Energy en plus de la garantie limit\u00e9e standard.<\/p><p>0-24 mois Gratuit<\/p><h6>3. Exclusions et limitations pour les piles<\/h6><p>Sans l'implication du garant dans la conception du syst\u00e8me de batterie et l'autorisation \u00e9crite expresse du garant, la batterie n'est pas destin\u00e9e \u00e0 d'autres applications ou \u00e0 une utilisation o\u00f9 une d\u00e9faillance pourrait entra\u00eener des blessures ou des pertes de vie, ou des dommages mat\u00e9riels catastrophiques. Dans les limites autoris\u00e9es par la loi, le garant d\u00e9cline toute responsabilit\u00e9 d\u00e9coulant d'une telle utilisation. En outre, Warrantor se r\u00e9serve le droit de refuser d'utiliser toute batterie utilis\u00e9e \u00e0 ces fins et d\u00e9cline toute responsabilit\u00e9 d\u00e9coulant du refus de Warrantor d'utiliser la batterie.<\/p><p>La garantie ne couvre pas les d\u00e9faillances et les dommages r\u00e9sultant d'une chute extr\u00eame, d'une installation et d'un stockage incorrects, d'un chargeur de batterie incompatible, d'un entretien inad\u00e9quat, d'un transport incorrect, de tests et de r\u00e9parations non autoris\u00e9s, de modifications, de conversions et d'ajouts intentionnels ou accidentels, d'une mauvaise utilisation, d'un abus et d'une n\u00e9gligence, d'une contamination par des substances dangereuses, des radiations et de l'eau (sauf indication contraire du garant), des contraintes \u00e9lectriques inhabituelles, notamment des surtensions, des tensions et des courants incontr\u00f4l\u00e9s, une alimentation \u00e9nerg\u00e9tique excessive ou insuffisante, des harmoniques de syst\u00e8me et l'\u00e9clairage, l'exposition \u00e0 des temp\u00e9ratures extr\u00eamement chaudes ou froides, et les cas de force majeure, notamment les incendies, les inondations, les tremblements de terre, les ouragans, les conditions m\u00e9t\u00e9orologiques difficiles, les guerres et les actes de terrorisme.<\/p><p>Pour plus de clart\u00e9, la garantie est annul\u00e9e dans le cas suivant :<\/p><ul><li>La batterie fonctionne en dehors de la plage de temp\u00e9rature indiqu\u00e9e dans la sp\u00e9cification ou la fiche technique.<\/li><li>Les batteries sont configur\u00e9es de mani\u00e8re incorrecte en s\u00e9rie et\/ou en parall\u00e8le sans l'autorisation de Yibai.<\/li><li>La batterie est charg\u00e9e avec un chargeur incompatible.<\/li><li>La batterie est laiss\u00e9e sans surveillance pendant des p\u00e9riodes prolong\u00e9es apr\u00e8s que l'\u00e9nergie a \u00e9t\u00e9 \u00e9puis\u00e9e.<\/li><li>La batterie n'est pas entretenue ou stock\u00e9e conform\u00e9ment aux exigences \u00e9nonc\u00e9es dans les sp\u00e9cifications.<\/li><li>La batterie est d\u00e9mont\u00e9e, modifi\u00e9e ou r\u00e9par\u00e9e sans l'autorisation \u00e9crite expresse du garant.<\/li><li>La batterie est mise dans l'eau.<\/li><li>La batterie est mise au feu ou chauff\u00e9e.<\/li><\/ul><p>Si le garant d\u00e9termine que le probl\u00e8me rencontr\u00e9 avec le(s) produit(s) n'est pas d\u00fb \u00e0 un d\u00e9faut de fabrication dans la main d'\u0153uvre ou les mat\u00e9riaux du garant, ou qu'il ne remplit pas les conditions requises pour une r\u00e9paration sous garantie, l'acheteur sera responsable de tous les co\u00fbts encourus par le garant pour r\u00e9parer, remplacer et transporter le(s) produit(s).<\/p><h5>4. Processus de garantie limit\u00e9e<\/h5><p>Lorsque vous rencontrez des produits d\u00e9fectueux, veuillez contacter le conseiller. Celui-ci vous indiquera comment b\u00e9n\u00e9ficier du service apr\u00e8s-vente.<\/p><h6>Nous aimons recevoir des nouvelles de nos clients et les soutenir<\/h6><p>Nous disposons d'une \u00e9quipe technique professionnelle pour vous aider \u00e0 mettre au point la bonne solution de batterie li-ion. Les informations relatives \u00e0 l'assistance peuvent \u00eatre trouv\u00e9es ci-dessous :<\/p><p>Courriel :<a href=\"mailto:info@yibaienergy-china.com\" target=\"_blank\" rel=\"noopener\">info@yibaienergy-china.com<\/a><\/p><p>Mobile:+86 177 7381 1180<\/p><p>Site web :<a href=\"https:\/\/yibaienergy-china.com\/contact\/\" target=\"_blank\" rel=\"noopener\">www.yibaienergy-china.com<\/a><\/p><p>Nous vous remercions d'avoir choisi Yibai Energy Batteries et nous nous r\u00e9jouissons de pouvoir r\u00e9pondre \u00e0 vos besoins \u00e9nerg\u00e9tiques.<\/p>\t\t\t\t\t\t\t\t<\/div>\n\t\t\t\t<\/div>\n\t\t\t\t\t<\/div>\n\t\t\t\t<\/div>\n\t\t\t\t<\/div>","protected":false},"excerpt":{"rendered":"<p>Warranty We will provide a lithium ion battery warranty, we take great pride in designing and manufacturing high-quality custom battery packs for devices of all sizes and functions. However, our purpose as a company goes beyond this. We\u2019re on a mission to energize products, people, and the planet with our high-quality batteries and moral-driven actions. [&hellip;]<\/p>\n","protected":false},"author":1,"featured_media":1709,"parent":0,"menu_order":0,"comment_status":"closed","ping_status":"closed","template":"","meta":{"site-sidebar-layout":"no-sidebar","site-content-layout":"page-builder","ast-site-content-layout":"full-width-container","site-content-style":"unboxed","site-sidebar-style":"unboxed","ast-global-header-display":"","ast-banner-title-visibility":"","ast-main-header-display":"","ast-hfb-above-header-display":"","ast-hfb-below-header-display":"","ast-hfb-mobile-header-display":"","site-post-title":"disabled","ast-breadcrumbs-content":"","ast-featured-img":"disabled","footer-sml-layout":"","ast-disable-related-posts":"","theme-transparent-header-meta":"enabled","adv-header-id-meta":"","stick-header-meta":"","header-above-stick-meta":"","header-main-stick-meta":"","header-below-stick-meta":"","astra-migrate-meta-layouts":"set","ast-page-background-enabled":"default","ast-page-background-meta":{"desktop":{"background-color":"","background-image":"","background-repeat":"repeat","background-position":"center center","background-size":"auto","background-attachment":"scroll","background-type":"","background-media":"","overlay-type":"","overlay-color":"","overlay-opacity":"","overlay-gradient":""},"tablet":{"background-color":"","background-image":"","background-repeat":"repeat","background-position":"center center","background-size":"auto","background-attachment":"scroll","background-type":"","background-media":"","overlay-type":"","overlay-color":"","overlay-opacity":"","overlay-gradient":""},"mobile":{"background-color":"","background-image":"","background-repeat":"repeat","background-position":"center center","background-size":"auto","background-attachment":"scroll","background-type":"","background-media":"","overlay-type":"","overlay-color":"","overlay-opacity":"","overlay-gradient":""}},"ast-content-background-meta":{"desktop":{"background-color":"var(--ast-global-color-5)","background-image":"","background-repeat":"repeat","background-position":"center center","background-size":"auto","background-attachment":"scroll","background-type":"","background-media":"","overlay-type":"","overlay-color":"","overlay-opacity":"","overlay-gradient":""},"tablet":{"background-color":"var(--ast-global-color-5)","background-image":"","background-repeat":"repeat","background-position":"center center","background-size":"auto","background-attachment":"scroll","background-type":"","background-media":"","overlay-type":"","overlay-color":"","overlay-opacity":"","overlay-gradient":""},"mobile":{"background-color":"var(--ast-global-color-5)","background-image":"","background-repeat":"repeat","background-position":"center center","background-size":"auto","background-attachment":"scroll","background-type":"","background-media":"","overlay-type":"","overlay-color":"","overlay-opacity":"","overlay-gradient":""}},"footnotes":""},"class_list":["post-2513","page","type-page","status-publish","has-post-thumbnail","hentry"],"yoast_head":"<!-- This site is optimized with the Yoast SEO plugin v27.4 - https:\/\/yoast.com\/product\/yoast-seo-wordpress\/ -->\n<title>Warranty - Lithium Battery Manufacturer<\/title>\n<meta name=\"description\" content=\"Solar Energy Storage Batteries, Electric Vehicle Power Batteries, 15 Years Experience, 5 Years Warranty.\" \/>\n<meta name=\"robots\" content=\"index, follow, max-snippet:-1, max-image-preview:large, max-video-preview:-1\" \/>\n<link rel=\"canonical\" href=\"https:\/\/yibaienergy-china.com\/fr\/garantie\/\" \/>\n<meta property=\"og:locale\" content=\"fr_FR\" \/>\n<meta property=\"og:type\" content=\"article\" \/>\n<meta property=\"og:title\" content=\"Warranty - Lithium Battery Manufacturer\" \/>\n<meta property=\"og:description\" content=\"Solar Energy Storage Batteries, Electric Vehicle Power Batteries, 15 Years Experience, 5 Years Warranty.\" \/>\n<meta property=\"og:url\" content=\"https:\/\/yibaienergy-china.com\/fr\/garantie\/\" \/>\n<meta property=\"og:site_name\" content=\"Lithium Battery Manufacturer\" \/>\n<meta property=\"article:modified_time\" content=\"2024-12-30T06:41:41+00:00\" \/>\n<meta property=\"og:image\" content=\"https:\/\/yibaienergy-china.com\/wp-content\/uploads\/2024\/12\/OEM-Battery-Manufacturer-1.jpg\" \/>\n\t<meta property=\"og:image:width\" content=\"540\" \/>\n\t<meta property=\"og:image:height\" content=\"300\" \/>\n\t<meta property=\"og:image:type\" content=\"image\/jpeg\" \/>\n<meta name=\"twitter:card\" content=\"summary_large_image\" \/>\n<meta name=\"twitter:label1\" content=\"Dur\u00e9e de lecture estim\u00e9e\" \/>\n\t<meta name=\"twitter:data1\" content=\"4 minutes\" \/>\n<script type=\"application\/ld+json\" class=\"yoast-schema-graph\">{\"@context\":\"https:\\\/\\\/schema.org\",\"@graph\":[{\"@type\":\"WebPage\",\"@id\":\"https:\\\/\\\/yibaienergy-china.com\\\/warranty\\\/\",\"url\":\"https:\\\/\\\/yibaienergy-china.com\\\/warranty\\\/\",\"name\":\"Warranty - Lithium Battery Manufacturer\",\"isPartOf\":{\"@id\":\"https:\\\/\\\/yibaienergy-china.com\\\/#website\"},\"primaryImageOfPage\":{\"@id\":\"https:\\\/\\\/yibaienergy-china.com\\\/warranty\\\/#primaryimage\"},\"image\":{\"@id\":\"https:\\\/\\\/yibaienergy-china.com\\\/warranty\\\/#primaryimage\"},\"thumbnailUrl\":\"https:\\\/\\\/yibaienergy-china.com\\\/wp-content\\\/uploads\\\/2024\\\/12\\\/OEM-Battery-Manufacturer-1.jpg\",\"datePublished\":\"2024-12-30T06:08:40+00:00\",\"dateModified\":\"2024-12-30T06:41:41+00:00\",\"description\":\"Solar Energy Storage Batteries, Electric Vehicle Power Batteries, 15 Years Experience, 5 Years Warranty.\",\"breadcrumb\":{\"@id\":\"https:\\\/\\\/yibaienergy-china.com\\\/warranty\\\/#breadcrumb\"},\"inLanguage\":\"fr-FR\",\"potentialAction\":[{\"@type\":\"ReadAction\",\"target\":[\"https:\\\/\\\/yibaienergy-china.com\\\/warranty\\\/\"]}]},{\"@type\":\"ImageObject\",\"inLanguage\":\"fr-FR\",\"@id\":\"https:\\\/\\\/yibaienergy-china.com\\\/warranty\\\/#primaryimage\",\"url\":\"https:\\\/\\\/yibaienergy-china.com\\\/wp-content\\\/uploads\\\/2024\\\/12\\\/OEM-Battery-Manufacturer-1.jpg\",\"contentUrl\":\"https:\\\/\\\/yibaienergy-china.com\\\/wp-content\\\/uploads\\\/2024\\\/12\\\/OEM-Battery-Manufacturer-1.jpg\",\"width\":540,\"height\":300,\"caption\":\"OEM Battery Manufacturer (1)\"},{\"@type\":\"BreadcrumbList\",\"@id\":\"https:\\\/\\\/yibaienergy-china.com\\\/warranty\\\/#breadcrumb\",\"itemListElement\":[{\"@type\":\"ListItem\",\"position\":1,\"name\":\"Home\",\"item\":\"https:\\\/\\\/yibaienergy-china.com\\\/\"},{\"@type\":\"ListItem\",\"position\":2,\"name\":\"Warranty\"}]},{\"@type\":\"WebSite\",\"@id\":\"https:\\\/\\\/yibaienergy-china.com\\\/#website\",\"url\":\"https:\\\/\\\/yibaienergy-china.com\\\/\",\"name\":\"Lithium Battery Manufacturer\",\"description\":\"Professional Lithium Battery Manufacturer\",\"publisher\":{\"@id\":\"https:\\\/\\\/yibaienergy-china.com\\\/#organization\"},\"alternateName\":\"Lithium Battery Factory\",\"potentialAction\":[{\"@type\":\"SearchAction\",\"target\":{\"@type\":\"EntryPoint\",\"urlTemplate\":\"https:\\\/\\\/yibaienergy-china.com\\\/?s={search_term_string}\"},\"query-input\":{\"@type\":\"PropertyValueSpecification\",\"valueRequired\":true,\"valueName\":\"search_term_string\"}}],\"inLanguage\":\"fr-FR\"},{\"@type\":\"Organization\",\"@id\":\"https:\\\/\\\/yibaienergy-china.com\\\/#organization\",\"name\":\"Lithium Battery Manufacturer\",\"alternateName\":\"Custom Lithium Battery Pack Manufacturer\",\"url\":\"https:\\\/\\\/yibaienergy-china.com\\\/\",\"logo\":{\"@type\":\"ImageObject\",\"inLanguage\":\"fr-FR\",\"@id\":\"https:\\\/\\\/yibaienergy-china.com\\\/#\\\/schema\\\/logo\\\/image\\\/\",\"url\":\"https:\\\/\\\/yibaienergy-china.com\\\/wp-content\\\/uploads\\\/2024\\\/12\\\/cropped-Yibai-solar-energy-2.png\",\"contentUrl\":\"https:\\\/\\\/yibaienergy-china.com\\\/wp-content\\\/uploads\\\/2024\\\/12\\\/cropped-Yibai-solar-energy-2.png\",\"width\":234,\"height\":228,\"caption\":\"Lithium Battery Manufacturer\"},\"image\":{\"@id\":\"https:\\\/\\\/yibaienergy-china.com\\\/#\\\/schema\\\/logo\\\/image\\\/\"}}]}<\/script>\n<!-- \/ Yoast SEO plugin. -->","yoast_head_json":{"title":"Garantie - Fabricant de piles au lithium","description":"Batteries de stockage de l'\u00e9nergie solaire, batteries d'alimentation des v\u00e9hicules \u00e9lectriques, 15 ans d'exp\u00e9rience, 5 ans de garantie.","robots":{"index":"index","follow":"follow","max-snippet":"max-snippet:-1","max-image-preview":"max-image-preview:large","max-video-preview":"max-video-preview:-1"},"canonical":"https:\/\/yibaienergy-china.com\/fr\/garantie\/","og_locale":"fr_FR","og_type":"article","og_title":"Warranty - Lithium Battery Manufacturer","og_description":"Solar Energy Storage Batteries, Electric Vehicle Power Batteries, 15 Years Experience, 5 Years Warranty.","og_url":"https:\/\/yibaienergy-china.com\/fr\/garantie\/","og_site_name":"Lithium Battery Manufacturer","article_modified_time":"2024-12-30T06:41:41+00:00","og_image":[{"width":540,"height":300,"url":"https:\/\/yibaienergy-china.com\/wp-content\/uploads\/2024\/12\/OEM-Battery-Manufacturer-1.jpg","type":"image\/jpeg"}],"twitter_card":"summary_large_image","twitter_misc":{"Dur\u00e9e de lecture estim\u00e9e":"4 minutes"},"schema":{"@context":"https:\/\/schema.org","@graph":[{"@type":"WebPage","@id":"https:\/\/yibaienergy-china.com\/warranty\/","url":"https:\/\/yibaienergy-china.com\/warranty\/","name":"Garantie - Fabricant de piles au lithium","isPartOf":{"@id":"https:\/\/yibaienergy-china.com\/#website"},"primaryImageOfPage":{"@id":"https:\/\/yibaienergy-china.com\/warranty\/#primaryimage"},"image":{"@id":"https:\/\/yibaienergy-china.com\/warranty\/#primaryimage"},"thumbnailUrl":"https:\/\/yibaienergy-china.com\/wp-content\/uploads\/2024\/12\/OEM-Battery-Manufacturer-1.jpg","datePublished":"2024-12-30T06:08:40+00:00","dateModified":"2024-12-30T06:41:41+00:00","description":"Batteries de stockage de l'\u00e9nergie solaire, batteries d'alimentation des v\u00e9hicules \u00e9lectriques, 15 ans d'exp\u00e9rience, 5 ans de garantie.","breadcrumb":{"@id":"https:\/\/yibaienergy-china.com\/warranty\/#breadcrumb"},"inLanguage":"fr-FR","potentialAction":[{"@type":"ReadAction","target":["https:\/\/yibaienergy-china.com\/warranty\/"]}]},{"@type":"ImageObject","inLanguage":"fr-FR","@id":"https:\/\/yibaienergy-china.com\/warranty\/#primaryimage","url":"https:\/\/yibaienergy-china.com\/wp-content\/uploads\/2024\/12\/OEM-Battery-Manufacturer-1.jpg","contentUrl":"https:\/\/yibaienergy-china.com\/wp-content\/uploads\/2024\/12\/OEM-Battery-Manufacturer-1.jpg","width":540,"height":300,"caption":"OEM Battery Manufacturer (1)"},{"@type":"BreadcrumbList","@id":"https:\/\/yibaienergy-china.com\/warranty\/#breadcrumb","itemListElement":[{"@type":"ListItem","position":1,"name":"Home","item":"https:\/\/yibaienergy-china.com\/"},{"@type":"ListItem","position":2,"name":"Warranty"}]},{"@type":"WebSite","@id":"https:\/\/yibaienergy-china.com\/#website","url":"https:\/\/yibaienergy-china.com\/","name":"Fabricant de piles au lithium","description":"Fabricant professionnel de piles au lithium","publisher":{"@id":"https:\/\/yibaienergy-china.com\/#organization"},"alternateName":"Lithium Battery Factory","potentialAction":[{"@type":"SearchAction","target":{"@type":"EntryPoint","urlTemplate":"https:\/\/yibaienergy-china.com\/?s={search_term_string}"},"query-input":{"@type":"PropertyValueSpecification","valueRequired":true,"valueName":"search_term_string"}}],"inLanguage":"fr-FR"},{"@type":"Organization","@id":"https:\/\/yibaienergy-china.com\/#organization","name":"Fabricant de piles au lithium","alternateName":"Custom Lithium Battery Pack Manufacturer","url":"https:\/\/yibaienergy-china.com\/","logo":{"@type":"ImageObject","inLanguage":"fr-FR","@id":"https:\/\/yibaienergy-china.com\/#\/schema\/logo\/image\/","url":"https:\/\/yibaienergy-china.com\/wp-content\/uploads\/2024\/12\/cropped-Yibai-solar-energy-2.png","contentUrl":"https:\/\/yibaienergy-china.com\/wp-content\/uploads\/2024\/12\/cropped-Yibai-solar-energy-2.png","width":234,"height":228,"caption":"Lithium Battery Manufacturer"},"image":{"@id":"https:\/\/yibaienergy-china.com\/#\/schema\/logo\/image\/"}}]}},"_links":{"self":[{"href":"https:\/\/yibaienergy-china.com\/fr\/wp-json\/wp\/v2\/pages\/2513","targetHints":{"allow":["GET"]}}],"collection":[{"href":"https:\/\/yibaienergy-china.com\/fr\/wp-json\/wp\/v2\/pages"}],"about":[{"href":"https:\/\/yibaienergy-china.com\/fr\/wp-json\/wp\/v2\/types\/page"}],"author":[{"embeddable":true,"href":"https:\/\/yibaienergy-china.com\/fr\/wp-json\/wp\/v2\/users\/1"}],"replies":[{"embeddable":true,"href":"https:\/\/yibaienergy-china.com\/fr\/wp-json\/wp\/v2\/comments?post=2513"}],"version-history":[{"count":0,"href":"https:\/\/yibaienergy-china.com\/fr\/wp-json\/wp\/v2\/pages\/2513\/revisions"}],"wp:featuredmedia":[{"embeddable":true,"href":"https:\/\/yibaienergy-china.com\/fr\/wp-json\/wp\/v2\/media\/1709"}],"wp:attachment":[{"href":"https:\/\/yibaienergy-china.com\/fr\/wp-json\/wp\/v2\/media?parent=2513"}],"curies":[{"name":"wp","href":"https:\/\/api.w.org\/{rel}","templated":true}]}}