{"id":2513,"date":"2024-12-30T06:08:40","date_gmt":"2024-12-30T06:08:40","guid":{"rendered":"https:\/\/yibaienergy-china.com\/?page_id=2513"},"modified":"2024-12-30T06:41:41","modified_gmt":"2024-12-30T06:41:41","slug":"garantia","status":"publish","type":"page","link":"https:\/\/yibaienergy-china.com\/es\/garantia\/","title":{"rendered":"Garant\u00eda"},"content":{"rendered":"<div data-elementor-type=\"wp-post\" data-elementor-id=\"2513\" class=\"elementor elementor-2513\" data-elementor-post-type=\"page\">\n\t\t\t\t<div class=\"elementor-element elementor-element-564ceda e-flex e-con-boxed e-con e-parent\" data-id=\"564ceda\" data-element_type=\"container\" data-e-type=\"container\" data-settings=\"{&quot;background_background&quot;:&quot;classic&quot;}\">\n\t\t\t\t\t<div class=\"e-con-inner\">\n\t\t<div class=\"elementor-element elementor-element-b7201f1 e-con-full e-flex e-con e-child\" data-id=\"b7201f1\" data-element_type=\"container\" data-e-type=\"container\">\n\t\t\t\t<div class=\"elementor-element elementor-element-a3b2fe8 elementor-widget elementor-widget-heading\" data-id=\"a3b2fe8\" data-element_type=\"widget\" data-e-type=\"widget\" data-widget_type=\"heading.default\">\n\t\t\t\t\t<h1 class=\"elementor-heading-title elementor-size-default\">Garant\u00eda<\/h1>\t\t\t\t<\/div>\n\t\t\t\t<\/div>\n\t\t\t\t\t<\/div>\n\t\t\t\t<\/div>\n\t\t<div class=\"elementor-element elementor-element-67b07c2 e-flex e-con-boxed e-con e-parent\" data-id=\"67b07c2\" data-element_type=\"container\" data-e-type=\"container\" data-settings=\"{&quot;background_background&quot;:&quot;classic&quot;}\">\n\t\t\t\t\t<div class=\"e-con-inner\">\n\t\t<div class=\"elementor-element elementor-element-9b85b56 e-con-full e-flex e-con e-child\" data-id=\"9b85b56\" data-element_type=\"container\" data-e-type=\"container\">\n\t\t\t\t<div class=\"elementor-element elementor-element-b505b61 elementor-widget elementor-widget-text-editor\" data-id=\"b505b61\" data-element_type=\"widget\" data-e-type=\"widget\" data-widget_type=\"text-editor.default\">\n\t\t\t\t\t\t\t\t\t<p>Proporcionaremos una garant\u00eda de bater\u00eda de iones de litio, nos enorgullecemos de dise\u00f1ar y fabricar paquetes de bater\u00edas personalizados de alta calidad para dispositivos de todos los tama\u00f1os y funciones. Sin embargo, nuestro prop\u00f3sito como empresa va m\u00e1s all\u00e1. Tenemos la misi\u00f3n de dar energ\u00eda a los productos, a las personas y al planeta con nuestras bater\u00edas de alta calidad y nuestras acciones basadas en la moral.<\/p><p>Para garantizar su confianza en nuestro producto, le ofrecemos una garant\u00eda sin preocupaciones y contamos con un equipo de atenci\u00f3n al cliente ubicado tanto a nivel local como en cuatro ubicaciones internacionales para proporcionarle asistencia en caso de que surja alg\u00fan problema con nuestras soluciones de bater\u00edas. Esperamos que esta garant\u00eda de bater\u00edas de iones de litio le d\u00e9 tranquilidad y demuestre nuestro compromiso de ofrecer el mejor servicio posible.<\/p><p>Ofrecemos las siguientes garant\u00edas para sus productos:<\/p><h5>Garant\u00eda de bater\u00edas de iones de litio y cargadores de bater\u00edas.<\/h5><p>Se garantiza que los productos fabricados por Yibai Energy (el \"garante\") est\u00e1n libres de defectos de fabricaci\u00f3n y materiales en condiciones normales de uso y servicio. La garant\u00eda entrar\u00e1 en vigor a partir de la fecha del env\u00edo, cuando se transfiera el derecho sobre los productos a los clientes (el \"comprador\").<\/p><p>Si alguno de los productos de Yibai Energy incumple esta garant\u00eda de bater\u00edas de iones de litio y se determina una p\u00e9rdida de potencia, el garante reparar\u00e1 o sustituir\u00e1 los productos defectuosos por otros nuevos en los pr\u00f3ximos pedidos.<\/p><h6>1. Garant\u00eda limitada est\u00e1ndar<\/h6><p>Los productos con garant\u00eda limitada fabricados por Yibai Energy (el \"garante\") est\u00e1n exentos de defectos de fabricaci\u00f3n y materiales en condiciones normales de uso y mantenimiento. La garant\u00eda entrar\u00e1 en vigor a partir de la fecha de env\u00edo en que se transfieran los derechos de la mercanc\u00eda a los clientes (el \"comprador\"). Esta garant\u00eda limitada cubre defectos sustanciales en materiales o mano de obra y rendimiento y sigue las directrices de la garant\u00eda limitada.<\/p><p>0-18 meses Sin cargo.<\/p><h6>2. Garant\u00eda ampliada<\/h6><p>Esta garant\u00eda ampliada es una garant\u00eda prolongada que se ofrece a los valiosos clientes de Yibai Energy adem\u00e1s de la garant\u00eda limitada est\u00e1ndar.<\/p><p>0-24 meses Gratuito<\/p><h6>3. Exclusiones y limitaciones para las bater\u00edas<\/h6><p>Sin la participaci\u00f3n del garante en el dise\u00f1o del sistema de la bater\u00eda y la autorizaci\u00f3n expresa por escrito del garante, la bater\u00eda no est\u00e1 destinada a otras aplicaciones ni a un uso en cualquier lugar donde un fallo pudiera provocar lesiones o la p\u00e9rdida de vidas humanas, o da\u00f1os materiales catastr\u00f3ficos. En la medida en que lo permita la ley, el Garante declina toda responsabilidad derivada de dicho uso. Adem\u00e1s, el Garante se reserva el derecho a negarse a prestar servicio a cualquier bater\u00eda utilizada para estos fines y declina toda responsabilidad derivada de la negativa del Garante a prestar servicio.<\/p><p>La garant\u00eda no cubre los fallos y da\u00f1os resultantes de ca\u00eddas extremas, instalaci\u00f3n y almacenamiento inadecuados, cargador de bater\u00edas incompatible, mantenimiento inadecuado, transporte incorrecto, pruebas y reparaciones no autorizadas, modificaciones, conversiones y adiciones, uso indebido intencionado o accidental, abuso y negligencia, contaminaci\u00f3n con sustancias peligrosas, radiaci\u00f3n y agua (a menos que se indique lo contrario por parte del garante), y agua (a menos que el garante declare lo contrario que es resistente al agua) tensi\u00f3n el\u00e9ctrica inusual, incluyendo subidas de tensi\u00f3n, tensiones y corrientes incontroladas, suministro de energ\u00eda excesivo o deficiente, arm\u00f3nicos del sistema e iluminaci\u00f3n, exposici\u00f3n a temperaturas extremadamente altas o bajas, y fuerza mayor, incluyendo incendios, inundaciones, terremotos, huracanes, condiciones meteorol\u00f3gicas adversas, guerras y actos de terrorismo.<\/p><p>Para mayor claridad, la garant\u00eda quedar\u00e1 anulada en el siguiente caso:<\/p><ul><li>La bater\u00eda funciona fuera del rango de temperatura establecido en la especificaci\u00f3n o en la hoja de datos.<\/li><li>Los paquetes de bater\u00edas est\u00e1n configurados con series y\/o paralelos incorrectos sin autorizaci\u00f3n de Yibai's.<\/li><li>La bater\u00eda se carga con un cargador incompatible.<\/li><li>La bater\u00eda se deja desatendida tras largos periodos de tiempo despu\u00e9s de que se agote la energ\u00eda.<\/li><li>La bater\u00eda no se mantiene o almacena de acuerdo con los requisitos establecidos en la especificaci\u00f3n.<\/li><li>La bater\u00eda se desmonta, altera o repara sin autorizaci\u00f3n expresa por escrito del garante.<\/li><li>La bater\u00eda se introduce en el agua.<\/li><li>La bater\u00eda se pone en el fuego o se calienta.<\/li><\/ul><p>Si el Garante determina que el problema con el\/los producto(s) no se debe a un defecto de fabricaci\u00f3n en la mano de obra o materiales del Garante, o de otra manera no califica para la reparaci\u00f3n en garant\u00eda, entonces el Comprador ser\u00e1 responsable de todos los costos incurridos por el Garante necesarios para reparar, reemplazar y transportar el\/los producto(s).<\/p><h5>4. Proceso de garant\u00eda limitada<\/h5><p>Cuando encuentre productos defectuosos, p\u00f3ngase en contacto con el asesor. El consultor le guiar\u00e1 sobre c\u00f3mo obtener el servicio post-venta.<\/p><h6>Nos encanta escuchar y apoyar a nuestros clientes<\/h6><p>Contamos con un equipo t\u00e9cnico profesional para ayudarle a crear la soluci\u00f3n de bater\u00eda de iones de litio adecuada. La informaci\u00f3n de soporte relacionada se puede encontrar a continuaci\u00f3n:<\/p><p>Correo electr\u00f3nico:<a href=\"mailto:info@yibaienergy-china.com\" target=\"_blank\" rel=\"noopener\">info@yibaienergy-china.com<\/a><\/p><p>M\u00f3vil:+86 177 7381 1180<\/p><p>P\u00e1gina web:<a href=\"https:\/\/yibaienergy-china.com\/contact\/\" target=\"_blank\" rel=\"noopener\">www.yibaienergy-china.com<\/a><\/p><p>Gracias por elegir Yibai Energy Batteries y esperamos poder satisfacer sus necesidades energ\u00e9ticas.<\/p>\t\t\t\t\t\t\t\t<\/div>\n\t\t\t\t<\/div>\n\t\t\t\t\t<\/div>\n\t\t\t\t<\/div>\n\t\t\t\t<\/div>","protected":false},"excerpt":{"rendered":"<p>Warranty We will provide a lithium ion battery warranty, we take great pride in designing and manufacturing high-quality custom battery packs for devices of all sizes and functions. However, our purpose as a company goes beyond this. We\u2019re on a mission to energize products, people, and the planet with our high-quality batteries and moral-driven actions. [&hellip;]<\/p>\n","protected":false},"author":1,"featured_media":1709,"parent":0,"menu_order":0,"comment_status":"closed","ping_status":"closed","template":"","meta":{"site-sidebar-layout":"no-sidebar","site-content-layout":"page-builder","ast-site-content-layout":"full-width-container","site-content-style":"unboxed","site-sidebar-style":"unboxed","ast-global-header-display":"","ast-banner-title-visibility":"","ast-main-header-display":"","ast-hfb-above-header-display":"","ast-hfb-below-header-display":"","ast-hfb-mobile-header-display":"","site-post-title":"disabled","ast-breadcrumbs-content":"","ast-featured-img":"disabled","footer-sml-layout":"","ast-disable-related-posts":"","theme-transparent-header-meta":"enabled","adv-header-id-meta":"","stick-header-meta":"","header-above-stick-meta":"","header-main-stick-meta":"","header-below-stick-meta":"","astra-migrate-meta-layouts":"set","ast-page-background-enabled":"default","ast-page-background-meta":{"desktop":{"background-color":"","background-image":"","background-repeat":"repeat","background-position":"center center","background-size":"auto","background-attachment":"scroll","background-type":"","background-media":"","overlay-type":"","overlay-color":"","overlay-opacity":"","overlay-gradient":""},"tablet":{"background-color":"","background-image":"","background-repeat":"repeat","background-position":"center center","background-size":"auto","background-attachment":"scroll","background-type":"","background-media":"","overlay-type":"","overlay-color":"","overlay-opacity":"","overlay-gradient":""},"mobile":{"background-color":"","background-image":"","background-repeat":"repeat","background-position":"center center","background-size":"auto","background-attachment":"scroll","background-type":"","background-media":"","overlay-type":"","overlay-color":"","overlay-opacity":"","overlay-gradient":""}},"ast-content-background-meta":{"desktop":{"background-color":"var(--ast-global-color-5)","background-image":"","background-repeat":"repeat","background-position":"center center","background-size":"auto","background-attachment":"scroll","background-type":"","background-media":"","overlay-type":"","overlay-color":"","overlay-opacity":"","overlay-gradient":""},"tablet":{"background-color":"var(--ast-global-color-5)","background-image":"","background-repeat":"repeat","background-position":"center center","background-size":"auto","background-attachment":"scroll","background-type":"","background-media":"","overlay-type":"","overlay-color":"","overlay-opacity":"","overlay-gradient":""},"mobile":{"background-color":"var(--ast-global-color-5)","background-image":"","background-repeat":"repeat","background-position":"center center","background-size":"auto","background-attachment":"scroll","background-type":"","background-media":"","overlay-type":"","overlay-color":"","overlay-opacity":"","overlay-gradient":""}},"footnotes":""},"class_list":["post-2513","page","type-page","status-publish","has-post-thumbnail","hentry"],"yoast_head":"<!-- This site is optimized with the Yoast SEO plugin v27.4 - https:\/\/yoast.com\/product\/yoast-seo-wordpress\/ -->\n<title>Warranty - Lithium Battery Manufacturer<\/title>\n<meta name=\"description\" content=\"Solar Energy Storage Batteries, Electric Vehicle Power Batteries, 15 Years Experience, 5 Years Warranty.\" \/>\n<meta name=\"robots\" content=\"index, follow, max-snippet:-1, max-image-preview:large, max-video-preview:-1\" \/>\n<link rel=\"canonical\" href=\"https:\/\/yibaienergy-china.com\/es\/garantia\/\" \/>\n<meta property=\"og:locale\" content=\"es_ES\" \/>\n<meta property=\"og:type\" content=\"article\" \/>\n<meta property=\"og:title\" content=\"Warranty - Lithium Battery Manufacturer\" \/>\n<meta property=\"og:description\" content=\"Solar Energy Storage Batteries, Electric Vehicle Power Batteries, 15 Years Experience, 5 Years Warranty.\" \/>\n<meta property=\"og:url\" content=\"https:\/\/yibaienergy-china.com\/es\/garantia\/\" \/>\n<meta property=\"og:site_name\" content=\"Lithium Battery Manufacturer\" \/>\n<meta property=\"article:modified_time\" content=\"2024-12-30T06:41:41+00:00\" \/>\n<meta property=\"og:image\" content=\"https:\/\/yibaienergy-china.com\/wp-content\/uploads\/2024\/12\/OEM-Battery-Manufacturer-1.jpg\" \/>\n\t<meta property=\"og:image:width\" content=\"540\" \/>\n\t<meta property=\"og:image:height\" content=\"300\" \/>\n\t<meta property=\"og:image:type\" content=\"image\/jpeg\" \/>\n<meta name=\"twitter:card\" content=\"summary_large_image\" \/>\n<meta name=\"twitter:label1\" content=\"Tiempo de lectura\" \/>\n\t<meta name=\"twitter:data1\" content=\"4 minutos\" \/>\n<script type=\"application\/ld+json\" class=\"yoast-schema-graph\">{\"@context\":\"https:\\\/\\\/schema.org\",\"@graph\":[{\"@type\":\"WebPage\",\"@id\":\"https:\\\/\\\/yibaienergy-china.com\\\/warranty\\\/\",\"url\":\"https:\\\/\\\/yibaienergy-china.com\\\/warranty\\\/\",\"name\":\"Warranty - Lithium Battery Manufacturer\",\"isPartOf\":{\"@id\":\"https:\\\/\\\/yibaienergy-china.com\\\/#website\"},\"primaryImageOfPage\":{\"@id\":\"https:\\\/\\\/yibaienergy-china.com\\\/warranty\\\/#primaryimage\"},\"image\":{\"@id\":\"https:\\\/\\\/yibaienergy-china.com\\\/warranty\\\/#primaryimage\"},\"thumbnailUrl\":\"https:\\\/\\\/yibaienergy-china.com\\\/wp-content\\\/uploads\\\/2024\\\/12\\\/OEM-Battery-Manufacturer-1.jpg\",\"datePublished\":\"2024-12-30T06:08:40+00:00\",\"dateModified\":\"2024-12-30T06:41:41+00:00\",\"description\":\"Solar Energy Storage Batteries, Electric Vehicle Power Batteries, 15 Years Experience, 5 Years Warranty.\",\"breadcrumb\":{\"@id\":\"https:\\\/\\\/yibaienergy-china.com\\\/warranty\\\/#breadcrumb\"},\"inLanguage\":\"es\",\"potentialAction\":[{\"@type\":\"ReadAction\",\"target\":[\"https:\\\/\\\/yibaienergy-china.com\\\/warranty\\\/\"]}]},{\"@type\":\"ImageObject\",\"inLanguage\":\"es\",\"@id\":\"https:\\\/\\\/yibaienergy-china.com\\\/warranty\\\/#primaryimage\",\"url\":\"https:\\\/\\\/yibaienergy-china.com\\\/wp-content\\\/uploads\\\/2024\\\/12\\\/OEM-Battery-Manufacturer-1.jpg\",\"contentUrl\":\"https:\\\/\\\/yibaienergy-china.com\\\/wp-content\\\/uploads\\\/2024\\\/12\\\/OEM-Battery-Manufacturer-1.jpg\",\"width\":540,\"height\":300,\"caption\":\"OEM Battery Manufacturer (1)\"},{\"@type\":\"BreadcrumbList\",\"@id\":\"https:\\\/\\\/yibaienergy-china.com\\\/warranty\\\/#breadcrumb\",\"itemListElement\":[{\"@type\":\"ListItem\",\"position\":1,\"name\":\"Home\",\"item\":\"https:\\\/\\\/yibaienergy-china.com\\\/\"},{\"@type\":\"ListItem\",\"position\":2,\"name\":\"Warranty\"}]},{\"@type\":\"WebSite\",\"@id\":\"https:\\\/\\\/yibaienergy-china.com\\\/#website\",\"url\":\"https:\\\/\\\/yibaienergy-china.com\\\/\",\"name\":\"Lithium Battery Manufacturer\",\"description\":\"Professional Lithium Battery Manufacturer\",\"publisher\":{\"@id\":\"https:\\\/\\\/yibaienergy-china.com\\\/#organization\"},\"alternateName\":\"Lithium Battery Factory\",\"potentialAction\":[{\"@type\":\"SearchAction\",\"target\":{\"@type\":\"EntryPoint\",\"urlTemplate\":\"https:\\\/\\\/yibaienergy-china.com\\\/?s={search_term_string}\"},\"query-input\":{\"@type\":\"PropertyValueSpecification\",\"valueRequired\":true,\"valueName\":\"search_term_string\"}}],\"inLanguage\":\"es\"},{\"@type\":\"Organization\",\"@id\":\"https:\\\/\\\/yibaienergy-china.com\\\/#organization\",\"name\":\"Lithium Battery Manufacturer\",\"alternateName\":\"Custom Lithium Battery Pack Manufacturer\",\"url\":\"https:\\\/\\\/yibaienergy-china.com\\\/\",\"logo\":{\"@type\":\"ImageObject\",\"inLanguage\":\"es\",\"@id\":\"https:\\\/\\\/yibaienergy-china.com\\\/#\\\/schema\\\/logo\\\/image\\\/\",\"url\":\"https:\\\/\\\/yibaienergy-china.com\\\/wp-content\\\/uploads\\\/2024\\\/12\\\/cropped-Yibai-solar-energy-2.png\",\"contentUrl\":\"https:\\\/\\\/yibaienergy-china.com\\\/wp-content\\\/uploads\\\/2024\\\/12\\\/cropped-Yibai-solar-energy-2.png\",\"width\":234,\"height\":228,\"caption\":\"Lithium Battery Manufacturer\"},\"image\":{\"@id\":\"https:\\\/\\\/yibaienergy-china.com\\\/#\\\/schema\\\/logo\\\/image\\\/\"}}]}<\/script>\n<!-- \/ Yoast SEO plugin. -->","yoast_head_json":{"title":"Garant\u00eda - Fabricante de bater\u00edas de litio","description":"Bater\u00edas de almacenamiento de energ\u00eda solar, Bater\u00edas de alimentaci\u00f3n de veh\u00edculos el\u00e9ctricos, 15 a\u00f1os de experiencia, 5 a\u00f1os de garant\u00eda.","robots":{"index":"index","follow":"follow","max-snippet":"max-snippet:-1","max-image-preview":"max-image-preview:large","max-video-preview":"max-video-preview:-1"},"canonical":"https:\/\/yibaienergy-china.com\/es\/garantia\/","og_locale":"es_ES","og_type":"article","og_title":"Warranty - Lithium Battery Manufacturer","og_description":"Solar Energy Storage Batteries, Electric Vehicle Power Batteries, 15 Years Experience, 5 Years Warranty.","og_url":"https:\/\/yibaienergy-china.com\/es\/garantia\/","og_site_name":"Lithium Battery Manufacturer","article_modified_time":"2024-12-30T06:41:41+00:00","og_image":[{"width":540,"height":300,"url":"https:\/\/yibaienergy-china.com\/wp-content\/uploads\/2024\/12\/OEM-Battery-Manufacturer-1.jpg","type":"image\/jpeg"}],"twitter_card":"summary_large_image","twitter_misc":{"Tiempo de lectura":"4 minutos"},"schema":{"@context":"https:\/\/schema.org","@graph":[{"@type":"WebPage","@id":"https:\/\/yibaienergy-china.com\/warranty\/","url":"https:\/\/yibaienergy-china.com\/warranty\/","name":"Garant\u00eda - Fabricante de bater\u00edas de litio","isPartOf":{"@id":"https:\/\/yibaienergy-china.com\/#website"},"primaryImageOfPage":{"@id":"https:\/\/yibaienergy-china.com\/warranty\/#primaryimage"},"image":{"@id":"https:\/\/yibaienergy-china.com\/warranty\/#primaryimage"},"thumbnailUrl":"https:\/\/yibaienergy-china.com\/wp-content\/uploads\/2024\/12\/OEM-Battery-Manufacturer-1.jpg","datePublished":"2024-12-30T06:08:40+00:00","dateModified":"2024-12-30T06:41:41+00:00","description":"Bater\u00edas de almacenamiento de energ\u00eda solar, Bater\u00edas de alimentaci\u00f3n de veh\u00edculos el\u00e9ctricos, 15 a\u00f1os de experiencia, 5 a\u00f1os de garant\u00eda.","breadcrumb":{"@id":"https:\/\/yibaienergy-china.com\/warranty\/#breadcrumb"},"inLanguage":"es","potentialAction":[{"@type":"ReadAction","target":["https:\/\/yibaienergy-china.com\/warranty\/"]}]},{"@type":"ImageObject","inLanguage":"es","@id":"https:\/\/yibaienergy-china.com\/warranty\/#primaryimage","url":"https:\/\/yibaienergy-china.com\/wp-content\/uploads\/2024\/12\/OEM-Battery-Manufacturer-1.jpg","contentUrl":"https:\/\/yibaienergy-china.com\/wp-content\/uploads\/2024\/12\/OEM-Battery-Manufacturer-1.jpg","width":540,"height":300,"caption":"OEM Battery Manufacturer (1)"},{"@type":"BreadcrumbList","@id":"https:\/\/yibaienergy-china.com\/warranty\/#breadcrumb","itemListElement":[{"@type":"ListItem","position":1,"name":"Home","item":"https:\/\/yibaienergy-china.com\/"},{"@type":"ListItem","position":2,"name":"Warranty"}]},{"@type":"WebSite","@id":"https:\/\/yibaienergy-china.com\/#website","url":"https:\/\/yibaienergy-china.com\/","name":"Fabricante de bater\u00edas de litio","description":"Fabricante profesional de bater\u00edas de litio","publisher":{"@id":"https:\/\/yibaienergy-china.com\/#organization"},"alternateName":"Lithium Battery Factory","potentialAction":[{"@type":"SearchAction","target":{"@type":"EntryPoint","urlTemplate":"https:\/\/yibaienergy-china.com\/?s={search_term_string}"},"query-input":{"@type":"PropertyValueSpecification","valueRequired":true,"valueName":"search_term_string"}}],"inLanguage":"es"},{"@type":"Organization","@id":"https:\/\/yibaienergy-china.com\/#organization","name":"Fabricante de bater\u00edas de litio","alternateName":"Custom Lithium Battery Pack Manufacturer","url":"https:\/\/yibaienergy-china.com\/","logo":{"@type":"ImageObject","inLanguage":"es","@id":"https:\/\/yibaienergy-china.com\/#\/schema\/logo\/image\/","url":"https:\/\/yibaienergy-china.com\/wp-content\/uploads\/2024\/12\/cropped-Yibai-solar-energy-2.png","contentUrl":"https:\/\/yibaienergy-china.com\/wp-content\/uploads\/2024\/12\/cropped-Yibai-solar-energy-2.png","width":234,"height":228,"caption":"Lithium Battery Manufacturer"},"image":{"@id":"https:\/\/yibaienergy-china.com\/#\/schema\/logo\/image\/"}}]}},"_links":{"self":[{"href":"https:\/\/yibaienergy-china.com\/es\/wp-json\/wp\/v2\/pages\/2513","targetHints":{"allow":["GET"]}}],"collection":[{"href":"https:\/\/yibaienergy-china.com\/es\/wp-json\/wp\/v2\/pages"}],"about":[{"href":"https:\/\/yibaienergy-china.com\/es\/wp-json\/wp\/v2\/types\/page"}],"author":[{"embeddable":true,"href":"https:\/\/yibaienergy-china.com\/es\/wp-json\/wp\/v2\/users\/1"}],"replies":[{"embeddable":true,"href":"https:\/\/yibaienergy-china.com\/es\/wp-json\/wp\/v2\/comments?post=2513"}],"version-history":[{"count":0,"href":"https:\/\/yibaienergy-china.com\/es\/wp-json\/wp\/v2\/pages\/2513\/revisions"}],"wp:featuredmedia":[{"embeddable":true,"href":"https:\/\/yibaienergy-china.com\/es\/wp-json\/wp\/v2\/media\/1709"}],"wp:attachment":[{"href":"https:\/\/yibaienergy-china.com\/es\/wp-json\/wp\/v2\/media?parent=2513"}],"curies":[{"name":"wp","href":"https:\/\/api.w.org\/{rel}","templated":true}]}}